{"id":653,"date":"2025-06-25T04:40:13","date_gmt":"2025-06-25T04:40:13","guid":{"rendered":"https:\/\/www.elargisteshorizons.website\/?page_id=653"},"modified":"2026-04-18T13:07:09","modified_gmt":"2026-04-18T13:07:09","slug":"benevoles","status":"publish","type":"page","link":"https:\/\/elargisteshorizons.ch\/en\/evenement-biennal\/benevoles\/","title":{"rendered":"Volunteers"},"content":{"rendered":"<p>[et_pb_section fb_built=\u00a0\u00bb1&Prime; _builder_version=\u00a0\u00bb4.27.4&Prime; _module_preset=\u00a0\u00bbdefault\u00a0\u00bb background_color=\u00a0\u00bb#F7F1EC\u00a0\u00bb custom_padding=\u00a0\u00bb||||false|false\u00a0\u00bb da_disable_devices=\u00a0\u00bboff|off|off\u00a0\u00bb global_colors_info=\u00a0\u00bb{}\u00a0\u00bb da_is_popup=\u00a0\u00bboff\u00a0\u00bb da_exit_intent=\u00a0\u00bboff\u00a0\u00bb da_has_close=\u00a0\u00bbon\u00a0\u00bb da_alt_close=\u00a0\u00bboff\u00a0\u00bb da_dark_close=\u00a0\u00bboff\u00a0\u00bb da_not_modal=\u00a0\u00bbon\u00a0\u00bb da_is_singular=\u00a0\u00bboff\u00a0\u00bb da_with_loader=\u00a0\u00bboff\u00a0\u00bb da_has_shadow=\u00a0\u00bbon\u00a0\u00bb][et_pb_row _builder_version=\u00a0\u00bb4.27.4&Prime; _module_preset=\u00a0\u00bbdefault\u00a0\u00bb global_colors_info=\u00a0\u00bb{}\u00a0\u00bb][et_pb_column type=\u00a0\u00bb4_4&Prime; _builder_version=\u00a0\u00bb4.27.4&Prime; _module_preset=\u00a0\u00bbdefault\u00a0\u00bb global_colors_info=\u00a0\u00bb{}\u00a0\u00bb][et_pb_text _builder_version=\u00a0\u00bb4.27.4&Prime; _module_preset=\u00a0\u00bbdefault\u00a0\u00bb custom_padding=\u00a0\u00bb||||false|false\u00a0\u00bb global_colors_info=\u00a0\u00bb{}\u00a0\u00bb]<\/p>\n<h1>Ev\u00e9nement biennal &#8211; Les b\u00e9n\u00e9voles<\/h1>\n<p>[\/et_pb_text][et_pb_image src=\u00a0\u00bbhttps:\/\/www.elargisteshorizons.website\/wp-content\/uploads\/2025\/08\/Les-benevoles.png\u00a0\u00bb title_text=\u00a0\u00bbLes b\u00e9n\u00e9voles\u00a0\u00bb align=\u00a0\u00bbcenter\u00a0\u00bb _builder_version=\u00a0\u00bb4.27.4&Prime; _module_preset=\u00a0\u00bbdefault\u00a0\u00bb global_colors_info=\u00a0\u00bb{}\u00a0\u00bb][\/et_pb_image][et_pb_text _builder_version=\u00a0\u00bb4.27.4&Prime; _module_preset=\u00a0\u00bbdefault\u00a0\u00bb custom_padding=\u00a0\u00bb20px|||||\u00a0\u00bb global_colors_info=\u00a0\u00bb{}\u00a0\u00bb]<\/p>\n<p>Les \u00e9v\u00e9nements biennaux d\u2019\u00c9largis tes Horizons ne pourraient avoir lieu sans l\u2019engagement de nombreux\u00b7ses b\u00e9n\u00e9voles d\u00e9vou\u00e9\u00b7es, qui offrent g\u00e9n\u00e9reusement leur temps et contribuent au succ\u00e8s de cette journ\u00e9e.<\/p>\n<p>Nous exprimons toute notre gratitude \u00e0 celles et ceux \u2014 parents, ami\u00b7es et \u00e9tudiant\u00b7es \u2014 qui reviennent fid\u00e8lement chaque ann\u00e9e. Nous nous r\u00e9jouissons tout particuli\u00e8rement d\u2019accueillir parmi nos b\u00e9n\u00e9voles de jeunes femmes ayant particip\u00e9, par le pass\u00e9, aux \u00e9v\u00e9nements en tant que participantes.<\/p>\n<p><strong>Nous recherchons des jeunes adultes (d\u00e8s 16 ans) et des adultes pour pour pr\u00eater main-forte lors du prochain \u00e9v\u00e9nement. L\u2019aide peut concerner la pr\u00e9paration en amont, la logistique le jour J, l\u2019accompagnement et l\u2019orientation des jeunes filles, et bien plus encore.<\/p>\n<p><\/strong><\/p>\n<h4>\ud83d\udc49\u00a0Si vous souhaitez rejoindre notre \u00e9quipe de b\u00e9n\u00e9voles, veuillez utiliser le <strong>formulaire de contact au bas de cette page<\/strong> pour nous faire parvenir vos coordonn\u00e9es, une courte lettre de motivation ainsi que les coordonn\u00e9es d\u2019au moins une personne de r\u00e9f\u00e9rence.\u00a0<strong><\/strong><\/h4>\n<p>[\/et_pb_text][\/et_pb_column][\/et_pb_row][et_pb_row _builder_version=\u00a0\u00bb4.27.4&Prime; _module_preset=\u00a0\u00bbdefault\u00a0\u00bb width=\u00a0\u00bb100%\u00a0\u00bb custom_margin=\u00a0\u00bb||140px||false|false\u00a0\u00bb global_colors_info=\u00a0\u00bb{}\u00a0\u00bb][et_pb_column type=\u00a0\u00bb4_4&Prime; _builder_version=\u00a0\u00bb4.27.4&Prime; _module_preset=\u00a0\u00bbdefault\u00a0\u00bb global_colors_info=\u00a0\u00bb{}\u00a0\u00bb][et_pb_toggle title=\u00a0\u00bbDiff\u00e9rents postes\u00a0\u00bb toggle_icon=\u00a0\u00bb&#x3b;||divi||400&Prime; _builder_version=\u00a0\u00bb4.27.4&Prime; _module_preset=\u00a0\u00bbdefault\u00a0\u00bb global_colors_info=\u00a0\u00bb{}\u00a0\u00bb]<\/p>\n<p>Les b\u00e9n\u00e9voles sont invit\u00e9\u00b7es \u00e0 pr\u00eater main-forte dans une grande vari\u00e9t\u00e9 de postes. Si vous disposez de quelques heures \u00e0 offrir, vous pouvez contribuer \u00e0 la r\u00e9ussite de l\u2019\u00e9v\u00e9nement en participant \u00e0 l\u2019une ou plusieurs des activit\u00e9s suivantes :<\/p>\n<p><strong>La veille de l&rsquo;\u00e9v\u00e9nement biennal :<\/strong><\/p>\n<ul>\n<li>Mise en place du mobilier (travail physique)<\/li>\n<li value=\"2\" class=\"lastItem\">Assemblage des sacs destin\u00e9s aux participantes et participation aux autres pr\u00e9paratifs<\/li>\n<\/ul>\n<p><strong>Le jour de l\u2019\u00e9v\u00e9nement biennal :<\/strong><strong><\/strong><\/p>\n<ul>\n<li>Mise en place du mobilier (travail physique)<\/li>\n<li value=\"2\">Accueil et encadrement des participantes<\/li>\n<li value=\"3\">Check-in : scan des billets, remise des agendas, et du mat\u00e9riel destin\u00e9 aux participantes<\/li>\n<li value=\"4\">Vestiaire<\/li>\n<li value=\"5\">Guider les groupes de jeunes filles vers leurs ateliers<\/li>\n<li value=\"6\">Guider des groupes de participantes au salon des d\u00e9couvertes<\/li>\n<li>Prises de photos, cr\u00e9ation de publications et diffusion en direct sur les r\u00e9seaux sociaux<\/li>\n<li value=\"8\" class=\"lastItem\">D\u00e9sinstallation des stands en fin de journ\u00e9e (travail physique)<\/li>\n<\/ul>\n<p>[\/et_pb_toggle][et_pb_toggle title=\u00a0\u00bbUne formation, en ligne et obligatoire, pour tous-tes les b\u00e9n\u00e9voles sera organis\u00e9e avant l&rsquo;\u00e9v\u00e9nement\u00a0\u00bb toggle_icon=\u00a0\u00bb&#x3b;||divi||400&Prime; _builder_version=\u00a0\u00bb4.27.4&Prime; _module_preset=\u00a0\u00bbdefault\u00a0\u00bb global_colors_info=\u00a0\u00bb{}\u00a0\u00bb]<\/p>\n<p>Cette formation sera compos\u00e9e de deux parties ; une g\u00e9n\u00e9rale concernant l&rsquo;\u00e9v\u00e9nement biennal, et une plus sp\u00e9cifique pour chaque poste.<\/p>\n<p>[\/et_pb_toggle][et_pb_toggle title=\u00a0\u00bbCheck-in des b\u00e9n\u00e9voles\u00a0\u00bb toggle_icon=\u00a0\u00bb&#x3b;||divi||400&Prime; _builder_version=\u00a0\u00bb4.27.4&Prime; _module_preset=\u00a0\u00bbdefault\u00a0\u00bb global_colors_info=\u00a0\u00bb{}\u00a0\u00bb]<\/p>\n<p>Le check-in des b\u00e9n\u00e9voles est obligatoire et sera possible :<\/p>\n<ul>\n<li class=\"lastItem firstItem\">Le jour de l\u2019\u00e9v\u00e9nement, entre 7:30 et 8:00.<\/li>\n<\/ul>\n<p>A cette occasion nous vous fournirons votre T-shirt.<\/p>\n<p>[\/et_pb_toggle][et_pb_toggle title=\u00a0\u00bbD\u00e9jeuner\u00a0\u00bb toggle_icon=\u00a0\u00bb&#x3b;||divi||400&Prime; _builder_version=\u00a0\u00bb4.27.4&Prime; _module_preset=\u00a0\u00bbdefault\u00a0\u00bb global_colors_info=\u00a0\u00bb{}\u00a0\u00bb]<\/p>\n<p>Le repas de midi vous sera offert.\u00a0\u00a0<\/p>\n<p>Des options v\u00e9g\u00e9tariennes et v\u00e9ganes peuvent \u00eatre pr\u00e9vues si vous r\u00e9servez \u00e0 l\u2019avance.<\/p>\n<p>[\/et_pb_toggle][et_pb_toggle title=\u00a0\u00bbFin de l&rsquo;\u00e9v\u00e9nement et ap\u00e9ritif\u00a0\u00bb toggle_icon=\u00a0\u00bb&#x3b;||divi||400&Prime; _builder_version=\u00a0\u00bb4.27.4&Prime; _module_preset=\u00a0\u00bbdefault\u00a0\u00bb global_colors_info=\u00a0\u00bb{}\u00a0\u00bb]<\/p>\n<p>A la fin de l\u2019\u00e9v\u00e9nement, vers 16 h 15, vous \u00eates chaleureusement invit\u00e9\u00b7es \u00e0 rejoindre les autres b\u00e9n\u00e9voles, les responsables d\u2019ateliers et les membres du comit\u00e9 pour un ap\u00e9ritif convivial. Ce moment sera l\u2019occasion d\u2019\u00e9changer, de cr\u00e9er des contacts et de vous exprimer notre reconnaissance pour votre pr\u00e9cieuse contribution.<\/p>\n<p>[\/et_pb_toggle][et_pb_toggle title=\u00a0\u00bbAnnulation\u00a0\u00bb toggle_icon=\u00a0\u00bb&#x3b;||divi||400&Prime; _builder_version=\u00a0\u00bb4.27.4&Prime; _module_preset=\u00a0\u00bbdefault\u00a0\u00bb global_colors_info=\u00a0\u00bb{}\u00a0\u00bb]<\/p>\n<p>Si vous ne pouvez finalement pas assurer votre engagement de b\u00e9n\u00e9volat, m\u00eame \u00e0 la derni\u00e8re minute, merci de nous en informer par SMS au +41 76 411 52 63. Toute absence non signal\u00e9e perturbe consid\u00e9rablement l\u2019organisation de l\u2019\u00e9v\u00e9nement et est donc \u00e0 \u00e9viter autant que possible.<\/p>\n<p>[\/et_pb_toggle][et_pb_toggle title=\u00a0\u00bbComment s&rsquo;habiller\u00a0\u00bb toggle_icon=\u00a0\u00bb&#x3b;||divi||400&Prime; _builder_version=\u00a0\u00bb4.27.4&Prime; _module_preset=\u00a0\u00bbdefault\u00a0\u00bb global_colors_info=\u00a0\u00bb{}\u00a0\u00bb]<\/p>\n<p>V\u00eatements d\u00e9contract\u00e9s.<\/p>\n<p>[\/et_pb_toggle][et_pb_toggle title=\u00a0\u00bbReconnaissance de votre engagement\u00a0\u00bb toggle_icon=\u00a0\u00bb&#x3b;||divi||400&Prime; _builder_version=\u00a0\u00bb4.27.4&Prime; _module_preset=\u00a0\u00bbdefault\u00a0\u00bb global_colors_info=\u00a0\u00bb{}\u00a0\u00bb]<\/p>\n<p>Pour les jeunes adultes (16 \u00e0 25 ans), nous offrons:<\/p>\n<ul>\n<li>Un certificat de participation<\/li>\n<li>Un bon cadeau<\/li>\n<li class=\"lastItem firstItem\">Une attestation pour le programme CAS (sur demande), partie int\u00e9grante du dipl\u00f4me du Baccalaur\u00e9at International<\/li>\n<\/ul>\n<ul><\/ul>\n<p>[\/et_pb_toggle][\/et_pb_column][\/et_pb_row][et_pb_row _builder_version=\u00a0\u00bb4.27.4&Prime; _module_preset=\u00a0\u00bbdefault\u00a0\u00bb custom_margin=\u00a0\u00bb20px|auto|78px|auto|false|false\u00a0\u00bb custom_padding=\u00a0\u00bb24px|24px|24px|24px|false|false\u00a0\u00bb border_radii=\u00a0\u00bbon|10px|10px|10px|10px\u00a0\u00bb border_width_all=\u00a0\u00bb2px\u00a0\u00bb border_color_all=\u00a0\u00bb#474747&Prime; global_colors_info=\u00a0\u00bb{}\u00a0\u00bb][et_pb_column type=\u00a0\u00bb4_4&Prime; _builder_version=\u00a0\u00bb4.27.4&Prime; _module_preset=\u00a0\u00bbdefault\u00a0\u00bb global_colors_info=\u00a0\u00bb{}\u00a0\u00bb][et_pb_text _builder_version=\u00a0\u00bb4.27.4&Prime; _module_preset=\u00a0\u00bbdefault\u00a0\u00bb global_colors_info=\u00a0\u00bb{}\u00a0\u00bb]<\/p>\n<h2>Formulaire de contact pour les b\u00e9n\u00e9voles<\/h2>\n<p>[\/et_pb_text][et_pb_contact_form email=\u00a0\u00bbvolunteers@elargisteshorizons.ch\u00a0\u00bb success_message=\u00a0\u00bbMerci pour votre message. Nous vous r\u00e9pondrons au plus vite.\u00a0\u00bb submit_button_text=\u00a0\u00bbEnvoyer\u00a0\u00bb admin_label=\u00a0\u00bbContact Form &#8211; Volunteers\u00a0\u00bb _builder_version=\u00a0\u00bb4.27.6&Prime; _module_preset=\u00a0\u00bbdefault\u00a0\u00bb _unique_id=\u00a0\u00bbc5065b3b-b18f-44e9-b14c-01e408e78cc2&Prime; hover_enabled=\u00a0\u00bb0&Prime; border_color_all=\u00a0\u00bb#474747&Prime; global_colors_info=\u00a0\u00bb{}\u00a0\u00bb custom_message=\u00a0\u00bbName: %%Nom%%||et_pb_line_break_holder||First name: %%Pr\u00e9nom%%||et_pb_line_break_holder||Email: %%Email%%||et_pb_line_break_holder||Subject: %%Sujet%%||et_pb_line_break_holder||Message: %%Message%%\u00a0\u00bb sticky_enabled=\u00a0\u00bb0&Prime;][et_pb_contact_field field_id=\u00a0\u00bbfamily_name\u00a0\u00bb field_title=\u00a0\u00bbNom de famille\u00a0\u00bb allowed_symbols=\u00a0\u00bbletters\u00a0\u00bb _builder_version=\u00a0\u00bb4.27.4&Prime; _module_preset=\u00a0\u00bbdefault\u00a0\u00bb global_colors_info=\u00a0\u00bb{}\u00a0\u00bb][\/et_pb_contact_field][et_pb_contact_field field_id=\u00a0\u00bbFirst_name\u00a0\u00bb field_title=\u00a0\u00bbPr\u00e9nom\u00a0\u00bb _builder_version=\u00a0\u00bb4.27.4&Prime; _module_preset=\u00a0\u00bbdefault\u00a0\u00bb global_colors_info=\u00a0\u00bb{}\u00a0\u00bb][\/et_pb_contact_field][et_pb_contact_field field_id=\u00a0\u00bbEmail\u00a0\u00bb field_title=\u00a0\u00bbE-mail\u00a0\u00bb field_type=\u00a0\u00bbemail\u00a0\u00bb _builder_version=\u00a0\u00bb4.27.4&Prime; global_colors_info=\u00a0\u00bb{}\u00a0\u00bb button_text_size__hover_enabled=\u00a0\u00bboff\u00a0\u00bb button_one_text_size__hover_enabled=\u00a0\u00bboff\u00a0\u00bb button_two_text_size__hover_enabled=\u00a0\u00bboff\u00a0\u00bb button_text_color__hover_enabled=\u00a0\u00bboff\u00a0\u00bb button_one_text_color__hover_enabled=\u00a0\u00bboff\u00a0\u00bb button_two_text_color__hover_enabled=\u00a0\u00bboff\u00a0\u00bb button_border_width__hover_enabled=\u00a0\u00bboff\u00a0\u00bb button_one_border_width__hover_enabled=\u00a0\u00bboff\u00a0\u00bb button_two_border_width__hover_enabled=\u00a0\u00bboff\u00a0\u00bb button_border_color__hover_enabled=\u00a0\u00bboff\u00a0\u00bb button_one_border_color__hover_enabled=\u00a0\u00bboff\u00a0\u00bb button_two_border_color__hover_enabled=\u00a0\u00bboff\u00a0\u00bb button_border_radius__hover_enabled=\u00a0\u00bboff\u00a0\u00bb button_one_border_radius__hover_enabled=\u00a0\u00bboff\u00a0\u00bb button_two_border_radius__hover_enabled=\u00a0\u00bboff\u00a0\u00bb button_letter_spacing__hover_enabled=\u00a0\u00bboff\u00a0\u00bb button_one_letter_spacing__hover_enabled=\u00a0\u00bboff\u00a0\u00bb button_two_letter_spacing__hover_enabled=\u00a0\u00bboff\u00a0\u00bb button_bg_color__hover_enabled=\u00a0\u00bboff\u00a0\u00bb button_one_bg_color__hover_enabled=\u00a0\u00bboff\u00a0\u00bb button_two_bg_color__hover_enabled=\u00a0\u00bboff\u00a0\u00bb][\/et_pb_contact_field][et_pb_contact_field field_id=\u00a0\u00bbSubject\u00a0\u00bb field_title=\u00a0\u00bbSujet\u00a0\u00bb fullwidth_field=\u00a0\u00bbon\u00a0\u00bb _builder_version=\u00a0\u00bb4.27.4&Prime; _module_preset=\u00a0\u00bbdefault\u00a0\u00bb global_colors_info=\u00a0\u00bb{}\u00a0\u00bb][\/et_pb_contact_field][et_pb_contact_field field_id=\u00a0\u00bbMessage\u00a0\u00bb field_title=\u00a0\u00bbMessage\u00a0\u00bb field_type=\u00a0\u00bbtext\u00a0\u00bb fullwidth_field=\u00a0\u00bbon\u00a0\u00bb _builder_version=\u00a0\u00bb4.27.6&Prime; hover_enabled=\u00a0\u00bb0&Prime; global_colors_info=\u00a0\u00bb{}\u00a0\u00bb button_text_size__hover_enabled=\u00a0\u00bboff\u00a0\u00bb button_one_text_size__hover_enabled=\u00a0\u00bboff\u00a0\u00bb button_two_text_size__hover_enabled=\u00a0\u00bboff\u00a0\u00bb button_text_color__hover_enabled=\u00a0\u00bboff\u00a0\u00bb button_one_text_color__hover_enabled=\u00a0\u00bboff\u00a0\u00bb button_two_text_color__hover_enabled=\u00a0\u00bboff\u00a0\u00bb button_border_width__hover_enabled=\u00a0\u00bboff\u00a0\u00bb button_one_border_width__hover_enabled=\u00a0\u00bboff\u00a0\u00bb button_two_border_width__hover_enabled=\u00a0\u00bboff\u00a0\u00bb button_border_color__hover_enabled=\u00a0\u00bboff\u00a0\u00bb button_one_border_color__hover_enabled=\u00a0\u00bboff\u00a0\u00bb button_two_border_color__hover_enabled=\u00a0\u00bboff\u00a0\u00bb button_border_radius__hover_enabled=\u00a0\u00bboff\u00a0\u00bb button_one_border_radius__hover_enabled=\u00a0\u00bboff\u00a0\u00bb button_two_border_radius__hover_enabled=\u00a0\u00bboff\u00a0\u00bb button_letter_spacing__hover_enabled=\u00a0\u00bboff\u00a0\u00bb button_one_letter_spacing__hover_enabled=\u00a0\u00bboff\u00a0\u00bb button_two_letter_spacing__hover_enabled=\u00a0\u00bboff\u00a0\u00bb button_bg_color__hover_enabled=\u00a0\u00bboff\u00a0\u00bb button_one_bg_color__hover_enabled=\u00a0\u00bboff\u00a0\u00bb button_two_bg_color__hover_enabled=\u00a0\u00bboff\u00a0\u00bb sticky_enabled=\u00a0\u00bb0&Prime;][\/et_pb_contact_field][\/et_pb_contact_form][\/et_pb_column][\/et_pb_row][\/et_pb_section]<\/p>\n","protected":false},"excerpt":{"rendered":"<p>Ev\u00e9nement biennal &#8211; Les b\u00e9n\u00e9volesLes \u00e9v\u00e9nements biennaux d\u2019\u00c9largis tes Horizons ne pourraient avoir lieu sans l\u2019engagement de nombreux\u00b7ses b\u00e9n\u00e9voles d\u00e9vou\u00e9\u00b7es, qui offrent g\u00e9n\u00e9reusement leur temps et contribuent au succ\u00e8s de [&hellip;]<\/p>\n","protected":false},"author":1,"featured_media":0,"parent":823,"menu_order":2,"comment_status":"closed","ping_status":"closed","template":"","meta":{"_et_pb_use_builder":"on","_et_pb_old_content":"","_et_gb_content_width":"","footnotes":""},"class_list":["post-653","page","type-page","status-publish","hentry"],"_links":{"self":[{"href":"https:\/\/elargisteshorizons.ch\/en\/wp-json\/wp\/v2\/pages\/653","targetHints":{"allow":["GET"]}}],"collection":[{"href":"https:\/\/elargisteshorizons.ch\/en\/wp-json\/wp\/v2\/pages"}],"about":[{"href":"https:\/\/elargisteshorizons.ch\/en\/wp-json\/wp\/v2\/types\/page"}],"author":[{"embeddable":true,"href":"https:\/\/elargisteshorizons.ch\/en\/wp-json\/wp\/v2\/users\/1"}],"replies":[{"embeddable":true,"href":"https:\/\/elargisteshorizons.ch\/en\/wp-json\/wp\/v2\/comments?post=653"}],"version-history":[{"count":54,"href":"https:\/\/elargisteshorizons.ch\/en\/wp-json\/wp\/v2\/pages\/653\/revisions"}],"predecessor-version":[{"id":3860,"href":"https:\/\/elargisteshorizons.ch\/en\/wp-json\/wp\/v2\/pages\/653\/revisions\/3860"}],"up":[{"embeddable":true,"href":"https:\/\/elargisteshorizons.ch\/en\/wp-json\/wp\/v2\/pages\/823"}],"wp:attachment":[{"href":"https:\/\/elargisteshorizons.ch\/en\/wp-json\/wp\/v2\/media?parent=653"}],"curies":[{"name":"wp","href":"https:\/\/api.w.org\/{rel}","templated":true}]}}