{"id":3571,"date":"2026-03-01T11:20:10","date_gmt":"2026-03-01T11:20:10","guid":{"rendered":"https:\/\/www.elargisteshorizons.website\/?page_id=3571"},"modified":"2026-03-18T15:01:27","modified_gmt":"2026-03-18T15:01:27","slug":"informations-generales","status":"publish","type":"page","link":"https:\/\/elargisteshorizons.ch\/en\/evenement-biennal\/informations-generales\/","title":{"rendered":"Informations g\u00e9n\u00e9rales"},"content":{"rendered":"<p>[et_pb_section fb_built=\u00a0\u00bb1&Prime; _builder_version=\u00a0\u00bb4.27.4&Prime; _module_preset=\u00a0\u00bbdefault\u00a0\u00bb background_color=\u00a0\u00bb#f7f1ec\u00a0\u00bb custom_margin=\u00a0\u00bb||||false|false\u00a0\u00bb custom_padding=\u00a0\u00bb||||false|false\u00a0\u00bb da_disable_devices=\u00a0\u00bboff|off|off\u00a0\u00bb global_colors_info=\u00a0\u00bb{}\u00a0\u00bb da_is_popup=\u00a0\u00bboff\u00a0\u00bb da_exit_intent=\u00a0\u00bboff\u00a0\u00bb da_has_close=\u00a0\u00bbon\u00a0\u00bb da_alt_close=\u00a0\u00bboff\u00a0\u00bb da_dark_close=\u00a0\u00bboff\u00a0\u00bb da_not_modal=\u00a0\u00bbon\u00a0\u00bb da_is_singular=\u00a0\u00bboff\u00a0\u00bb da_with_loader=\u00a0\u00bboff\u00a0\u00bb da_has_shadow=\u00a0\u00bbon\u00a0\u00bb][et_pb_row _builder_version=\u00a0\u00bb4.27.4&Prime; _module_preset=\u00a0\u00bbdefault\u00a0\u00bb custom_margin=\u00a0\u00bb|auto||auto|false|false\u00a0\u00bb global_colors_info=\u00a0\u00bb{}\u00a0\u00bb][et_pb_column type=\u00a0\u00bb4_4&Prime; _builder_version=\u00a0\u00bb4.27.4&Prime; _module_preset=\u00a0\u00bbdefault\u00a0\u00bb global_colors_info=\u00a0\u00bb{}\u00a0\u00bb][et_pb_text _builder_version=\u00a0\u00bb4.27.4&Prime; _module_preset=\u00a0\u00bbdefault\u00a0\u00bb header_font=\u00a0\u00bb||||||||\u00a0\u00bb global_colors_info=\u00a0\u00bb{}\u00a0\u00bb]<\/p>\n<h1>Ev\u00e9nement biennal &#8211; Informations g\u00e9n\u00e9rales<\/h1>\n<p>[\/et_pb_text][et_pb_image src=\u00a0\u00bbhttps:\/\/www.elargisteshorizons.website\/wp-content\/uploads\/2025\/08\/BE2024-electrostatic-2.png\u00a0\u00bb title_text=\u00a0\u00bbBE2024-electrostatic-2&Prime; admin_label=\u00a0\u00bbImage\u00a0\u00bb _builder_version=\u00a0\u00bb4.27.4&Prime; _module_preset=\u00a0\u00bbdefault\u00a0\u00bb global_colors_info=\u00a0\u00bb{}\u00a0\u00bb][\/et_pb_image][\/et_pb_column][\/et_pb_row][et_pb_row _builder_version=\u00a0\u00bb4.27.4&Prime; _module_preset=\u00a0\u00bbdefault\u00a0\u00bb global_colors_info=\u00a0\u00bb{}\u00a0\u00bb][et_pb_column type=\u00a0\u00bb4_4&Prime; _builder_version=\u00a0\u00bb4.27.4&Prime; _module_preset=\u00a0\u00bbdefault\u00a0\u00bb global_colors_info=\u00a0\u00bb{}\u00a0\u00bb][et_pb_text _builder_version=\u00a0\u00bb4.27.4&Prime; _module_preset=\u00a0\u00bbdefault\u00a0\u00bb global_colors_info=\u00a0\u00bb{}\u00a0\u00bb]<\/p>\n<h2>Prochain \u00e9v\u00e9nement biennal : Samedi 7 novembre 2026 \u00e0 Uni Mail<\/h2>\n<p>[\/et_pb_text][\/et_pb_column][\/et_pb_row][et_pb_row column_structure=\u00a0\u00bb2_3,1_3&Prime; _builder_version=\u00a0\u00bb4.27.4&Prime; _module_preset=\u00a0\u00bbdefault\u00a0\u00bb min_height=\u00a0\u00bb438.2px\u00a0\u00bb locked=\u00a0\u00bboff\u00a0\u00bb global_colors_info=\u00a0\u00bb{}\u00a0\u00bb][et_pb_column type=\u00a0\u00bb2_3&Prime; _builder_version=\u00a0\u00bb4.27.4&Prime; _module_preset=\u00a0\u00bbdefault\u00a0\u00bb global_colors_info=\u00a0\u00bb{}\u00a0\u00bb][et_pb_text admin_label=\u00a0\u00bbIntro\u00a0\u00bb _builder_version=\u00a0\u00bb4.27.4&Prime; _module_preset=\u00a0\u00bbdefault\u00a0\u00bb hover_enabled=\u00a0\u00bb0&Prime; global_colors_info=\u00a0\u00bb{}\u00a0\u00bb sticky_enabled=\u00a0\u00bb0&Prime;]<\/p>\n<h5><span style=\"color: #000000;\"><strong> D\u00e9but des inscriptions pour les jeunes filles : 13 septembre 2026<\/strong><\/span><strong><\/strong><\/h5>\n<p><strong>Pour vous inscrire, rendez-vous sur la page <a href=\"\/inscriptions\/\">INSCRIPTIONS.<\/a><\/strong><\/p>\n<p>Destin\u00e9e aux jeunes filles de <strong>11 \u00e0 14 ans<\/strong> (8P et CO) de la r\u00e9gion genevoise, cette journ\u00e9e unique leur permet d\u2019explorer concr\u00e8tement et de mani\u00e8re ludique les domaines des math\u00e9matiques, de l\u2019informatique, des sciences naturelles et de la technologie (MINT).<\/p>\n<p>Chaque \u00e9dition r\u00e9unit environ <strong>400 participantes<\/strong>. Chacune choisit et prend part \u00e0 <strong>deux <a href=\"\/les-ateliers\/\">ateliers interactifs<\/a> parmi plus d\u2019une vingtaine propos\u00e9s<\/strong>, anim\u00e9s en <strong>fran\u00e7ais et en anglais<\/strong> par environ <strong>120 <a href=\"\/animateurs\/\">professionnel(le)s passionn\u00e9(e)s<\/a> <\/strong>\u2014 majoritairement des femmes \u2014 actives dans les sciences et la technologie. Elles partagent leur parcours, leur formation et leur exp\u00e9rience, offrant ainsi des mod\u00e8les inspirants et ouvrant la voie \u00e0 de nouvelles vocations.<\/p>\n<p>Le <strong><em>Salon des D\u00e9couvertes <\/em><\/strong>compl\u00e8te l\u2019exp\u00e9rience avec une\u00a0<strong>vingtaine de <a href=\"\/les-stands\/\">stands<\/a><\/strong> et des \u00e9changes privil\u00e9gi\u00e9s avec des expert(e)s qui vivent leur passion au quotidien.<\/p>\n<p>Pr\u00e8s de <a href=\"\/benevoles\/\"><strong>80 b\u00e9n\u00e9voles<\/strong> <\/a><strong>contribuent \u00e9galement au succ\u00e8s de chaque \u00e9dition<\/strong>. Sans leur engagement et leur \u00e9nergie, l\u2019\u00e9v\u00e9nement ne pourrait avoir lieu. Nous avons d\u2019ailleurs la joie d\u2019accueillir parmi eux de jeunes femmes ayant particip\u00e9 autrefois en tant que participantes \u2014 une belle illustration de l\u2019impact durable d\u2019\u00c9largis tes Horizons.<\/p>\n<p><strong>Enti\u00e8rement gratuit<\/strong>, repas de midi inclus, l\u2019\u00e9v\u00e9nement est rendu possible gr\u00e2ce au g\u00e9n\u00e9reux soutien de nos <a href=\"\/sponsors-et-partenaires\/\"><strong>sponsors et partenaires<\/strong><\/a>.<\/p>\n<p>Elargis tes Horizons, c\u2019est bien plus qu\u2019une journ\u00e9e : c\u2019est une opportunit\u00e9 d\u2019inspirer, de renforcer la confiance et de montrer que les sciences et les technologies sont passionnantes, accessibles et porteuses d\u2019avenir.<\/p>\n<p>[\/et_pb_text][\/et_pb_column][et_pb_column type=\u00a0\u00bb1_3&Prime; _builder_version=\u00a0\u00bb4.27.4&Prime; _module_preset=\u00a0\u00bbdefault\u00a0\u00bb global_colors_info=\u00a0\u00bb{}\u00a0\u00bb][et_pb_cta title=\u00a0\u00bbPoints forts\u00a0\u00bb button_url=\u00a0\u00bbhttps:\/\/www.eventbrite.co.uk\/e\/elargis-tes-horizons-2024-formulaire-pour-ambassadrices-registration-1011107117607?aff=oddtdtcreator\u00a0\u00bb admin_label=\u00a0\u00bbPoints forts\u00a0\u00bb _builder_version=\u00a0\u00bb4.27.4&Prime; _module_preset=\u00a0\u00bbdefault\u00a0\u00bb header_text_align=\u00a0\u00bbcenter\u00a0\u00bb header_text_color=\u00a0\u00bb#9424DE\u00a0\u00bb body_text_color=\u00a0\u00bb#000000&Prime; background_color=\u00a0\u00bb#FFFFFF\u00a0\u00bb custom_button=\u00a0\u00bbon\u00a0\u00bb button_text_color=\u00a0\u00bb#FFFFFF\u00a0\u00bb button_border_color=\u00a0\u00bb#FFFFFF\u00a0\u00bb button_icon=\u00a0\u00bb&#x45;||divi||400&Prime; button_icon_color=\u00a0\u00bb#FFFFFF\u00a0\u00bb width=\u00a0\u00bb100%\u00a0\u00bb custom_margin=\u00a0\u00bb|||-15px|false|false\u00a0\u00bb custom_margin_last_edited=\u00a0\u00bboff|phone\u00a0\u00bb custom_padding=\u00a0\u00bb||0px||false|false\u00a0\u00bb border_color_all=\u00a0\u00bb#FF6A00&Prime; box_shadow_style=\u00a0\u00bbpreset2&Prime; global_colors_info=\u00a0\u00bb{}\u00a0\u00bb]<\/p>\n<h3><\/h3>\n<ul>\n<li style=\"text-align: left;\"><strong>GRATUIT<\/strong><\/li>\n<li style=\"text-align: left;\">Plus d\u2019une vingtaine d\u2019ateliers<\/li>\n<li style=\"text-align: left;\">Plus d\u2019une vingtaine de stands dans le <em>Salon des D\u00e9couvertes<\/em><\/li>\n<li style=\"text-align: left;\">Repas de midi <strong>OFFERT<\/strong> pour tout le monde (participantes, b\u00e9n\u00e9voles et animateurs-trices)<\/li>\n<li style=\"text-align: left;\">Et plein d\u2019autres surprises \u2026<\/li>\n<\/ul>\n<p>[\/et_pb_cta][\/et_pb_column][\/et_pb_row][\/et_pb_section][et_pb_section fb_built=\u00a0\u00bb1&Prime; admin_label=\u00a0\u00bbSection\u00a0\u00bb _builder_version=\u00a0\u00bb4.27.4&Prime; _module_preset=\u00a0\u00bbdefault\u00a0\u00bb background_color=\u00a0\u00bb#FFFFFF\u00a0\u00bb custom_padding=\u00a0\u00bb||||false|false\u00a0\u00bb da_disable_devices=\u00a0\u00bboff|off|off\u00a0\u00bb locked=\u00a0\u00bboff\u00a0\u00bb global_colors_info=\u00a0\u00bb{}\u00a0\u00bb da_is_popup=\u00a0\u00bboff\u00a0\u00bb da_exit_intent=\u00a0\u00bboff\u00a0\u00bb da_has_close=\u00a0\u00bbon\u00a0\u00bb da_alt_close=\u00a0\u00bboff\u00a0\u00bb da_dark_close=\u00a0\u00bboff\u00a0\u00bb da_not_modal=\u00a0\u00bbon\u00a0\u00bb da_is_singular=\u00a0\u00bboff\u00a0\u00bb da_with_loader=\u00a0\u00bboff\u00a0\u00bb da_has_shadow=\u00a0\u00bbon\u00a0\u00bb][et_pb_row column_structure=\u00a0\u00bb1_2,1_2&Prime; admin_label=\u00a0\u00bbProgramme\u00a0\u00bb _builder_version=\u00a0\u00bb4.27.4&Prime; _module_preset=\u00a0\u00bbdefault\u00a0\u00bb custom_padding=\u00a0\u00bb||||false|false\u00a0\u00bb global_colors_info=\u00a0\u00bb{}\u00a0\u00bb][et_pb_column type=\u00a0\u00bb1_2&Prime; _builder_version=\u00a0\u00bb4.27.4&Prime; _module_preset=\u00a0\u00bbdefault\u00a0\u00bb global_colors_info=\u00a0\u00bb{}\u00a0\u00bb][et_pb_image src=\u00a0\u00bbhttps:\/\/www.elargisteshorizons.website\/wp-content\/uploads\/2026\/01\/ETH-Programme-2026.png\u00a0\u00bb title_text=\u00a0\u00bbETH Programme &#8211; 2026&Prime; disabled_on=\u00a0\u00bboff|off|off\u00a0\u00bb module_id=\u00a0\u00bbProgramme\u00a0\u00bb _builder_version=\u00a0\u00bb4.27.4&Prime; _module_preset=\u00a0\u00bbdefault\u00a0\u00bb max_height=\u00a0\u00bb622px\u00a0\u00bb box_shadow_style=\u00a0\u00bbpreset2&Prime; global_colors_info=\u00a0\u00bb{}\u00a0\u00bb][\/et_pb_image][\/et_pb_column][et_pb_column type=\u00a0\u00bb1_2&Prime; _builder_version=\u00a0\u00bb4.27.4&Prime; _module_preset=\u00a0\u00bbdefault\u00a0\u00bb global_colors_info=\u00a0\u00bb{}\u00a0\u00bb][et_pb_text admin_label=\u00a0\u00bbTEXTE\u00a0\u00bb _builder_version=\u00a0\u00bb4.27.4&Prime; _module_preset=\u00a0\u00bbdefault\u00a0\u00bb header_text_color=\u00a0\u00bb#A33AFF\u00a0\u00bb header_3_text_color=\u00a0\u00bb#A33AFF\u00a0\u00bb global_colors_info=\u00a0\u00bb{}\u00a0\u00bb]<\/p>\n<h5><\/h5>\n<h2>Programme de la journ\u00e9e<\/h2>\n<p>&nbsp;<\/p>\n<h5>Accueil et check-in<\/h5>\n<p>Le jour de l\u2019\u00e9v\u00e9nement, n\u2019oubliez pas d\u2019amener votre billet de confirmation.<\/p>\n<p>Il n\u2019est pas possible de s\u2019inscrire sur place le jour de l\u2019\u00e9v\u00e9nement !<\/p>\n<p>Chaque participante recevra son agenda personnalis\u00e9, comprenant deux ateliers et une visite du Salon des D\u00e9couvertes.<\/p>\n<h5>Messages de bienvenue et sessions 1, 2 et 3<\/h5>\n<p>Un point de rassemblement est pr\u00e9vu au d\u00e9but et \u00e0 la fin de chaque session. Les participantes seront ensuite accompagn\u00e9es vers leur atelier ou vers le Salon des D\u00e9couvertes. Tous ces \u00e9l\u00e9ments seront expliqu\u00e9s en d\u00e9tail lors des messages de bienvenue dans l\u2019auditoire.<\/p>\n<h5>Repas<\/h5>\n<p>\u00c0 l\u2019heure du d\u00e9jeuner, les participantes seront accompagn\u00e9es vers la caf\u00e9t\u00e9ria par les guides.<\/p>\n<p>Il n\u2019est pas n\u00e9cessaire d\u2019apporter un pique-nique : un repas chaud sera offert \u00e0 toutes. Au menu : lasagnes au b\u0153uf ou v\u00e9g\u00e9tariennes, salade verte et, pour terminer, un dessert ou une salade de fruits.<\/p>\n<h5>Fin de journ\u00e9e<\/h5>\n<p>A la fin de la journ\u00e9e, les parents sont pri\u00e9s de venir chercher leur(s) fille(s) dans le hall principal.<\/p>\n<p>&nbsp;<\/p>\n<p>[\/et_pb_text][\/et_pb_column][\/et_pb_row][\/et_pb_section][et_pb_section fb_built=\u00a0\u00bb1&Prime; _builder_version=\u00a0\u00bb4.27.4&Prime; _module_preset=\u00a0\u00bbdefault\u00a0\u00bb background_color=\u00a0\u00bb#F7F1EC\u00a0\u00bb da_disable_devices=\u00a0\u00bboff|off|off\u00a0\u00bb global_colors_info=\u00a0\u00bb{}\u00a0\u00bb da_is_popup=\u00a0\u00bboff\u00a0\u00bb da_exit_intent=\u00a0\u00bboff\u00a0\u00bb da_has_close=\u00a0\u00bbon\u00a0\u00bb da_alt_close=\u00a0\u00bboff\u00a0\u00bb da_dark_close=\u00a0\u00bboff\u00a0\u00bb da_not_modal=\u00a0\u00bbon\u00a0\u00bb da_is_singular=\u00a0\u00bboff\u00a0\u00bb da_with_loader=\u00a0\u00bboff\u00a0\u00bb da_has_shadow=\u00a0\u00bbon\u00a0\u00bb][et_pb_row column_structure=\u00a0\u00bb1_2,1_2&Prime; admin_label=\u00a0\u00bbPlan et transport\u00a0\u00bb _builder_version=\u00a0\u00bb4.27.4&Prime; _module_preset=\u00a0\u00bbdefault\u00a0\u00bb locked=\u00a0\u00bboff\u00a0\u00bb global_colors_info=\u00a0\u00bb{}\u00a0\u00bb][et_pb_column type=\u00a0\u00bb1_2&Prime; _builder_version=\u00a0\u00bb4.27.4&Prime; _module_preset=\u00a0\u00bbdefault\u00a0\u00bb global_colors_info=\u00a0\u00bb{}\u00a0\u00bb][et_pb_text _builder_version=\u00a0\u00bb4.27.4&Prime; _module_preset=\u00a0\u00bbdefault\u00a0\u00bb global_colors_info=\u00a0\u00bb{}\u00a0\u00bb]<\/p>\n<p>&nbsp;<\/p>\n<p>&nbsp;<\/p>\n<p>&nbsp;<\/p>\n<p>[\/et_pb_text][et_pb_code _builder_version=\u00a0\u00bb4.27.4&Prime; _module_preset=\u00a0\u00bbdefault\u00a0\u00bb custom_margin=\u00a0\u00bb-100px||||false|false\u00a0\u00bb border_radii=\u00a0\u00bbon|4px|4px|4px|4px\u00a0\u00bb global_colors_info=\u00a0\u00bb{}\u00a0\u00bb]<iframe src=\"https:\/\/www.google.com\/maps\/embed?pb=!1m18!1m12!1m3!1d5523.561743867339!2d6.137290711681625!3d46.194919084267994!2m3!1f0!2f0!3f0!3m2!1i1024!2i768!4f13.1!3m3!1m2!1s0x478c7ad59a95c06f%3A0x405b734617bdd72c!2sUni%20Mail%2C%20Bd%20du%20Pont-d&#39;Arve%2040%2C%201205%20Gen%C3%A8ve%2C%20Suisse!5e0!3m2!1sfr!2sfr!4v1754137026629!5m2!1sfr!2sfr\" width=\"100%\" height=\"450\" style=\"border:0;\" allowfullscreen=\"\" loading=\"lazy\" referrerpolicy=\"no-referrer-when-downgrade\"><\/iframe>[\/et_pb_code][\/et_pb_column][et_pb_column type=\u00a0\u00bb1_2&Prime; _builder_version=\u00a0\u00bb4.27.4&Prime; _module_preset=\u00a0\u00bbdefault\u00a0\u00bb global_colors_info=\u00a0\u00bb{}\u00a0\u00bb][et_pb_text _builder_version=\u00a0\u00bb4.27.4&Prime; _module_preset=\u00a0\u00bbdefault\u00a0\u00bb header_5_text_color=\u00a0\u00bb#A33AFF\u00a0\u00bb background_color=\u00a0\u00bb#FFFFFF\u00a0\u00bb custom_margin=\u00a0\u00bb||28px||false|false\u00a0\u00bb custom_padding=\u00a0\u00bb55px|63px|26px|63px|false|false\u00a0\u00bb global_colors_info=\u00a0\u00bb{}\u00a0\u00bb]<\/p>\n<h2>Plan et transport\u00a0<\/h2>\n<p>&nbsp;<\/p>\n<p>Nous vous encourageons \u00e0 utiliser les transports publics.<\/p>\n<p><strong><\/strong><\/p>\n<p><strong>\ud83d\udccd Adresse<\/strong><\/p>\n<p><a href=\"https:\/\/www.unige.ch\/presse\/plans\/uni-mail-uni-pignon\" target=\"_blank\" rel=\"noopener\"><strong>Uni Mail [\u2197]<\/strong><\/a><br \/>Bd du Pont-d\u2019Arve 40, 1205 Gen\u00e8ve<br \/>T\u00e9l: +41 22 379 71 11<strong><\/strong><\/p>\n<p><strong>\ud83d\ude87 Transport publics <\/strong><\/p>\n<p><strong>Depuis l\u2019a\u00e9roport :<br \/><\/strong>&#8211; Bus 5 ou 10 \u2192 Gare Cornavin \u2192 Tram 15 direction Palettes \u2192 arr\u00eat Uni Mail<\/p>\n<p><strong>Depuis la gare Cornavin :<br \/><\/strong>&#8211; Tram 15 direction Palettes \u2192 arr\u00eat Uni Mail<\/p>\n<p><strong>\ud83d\ude97 Parkings<\/strong><\/p>\n<p>&#8211; <strong><a href=\"https:\/\/www.geneve-parking.ch\/fr\/ou-stationner\/uni-mail\" target=\"_blank\" rel=\"noopener\">Parking Uni Mail [\u2197]<\/a><\/strong>, Boulevard Carl-Vogt 102 ou Quai Ernest Ansermet 14<br \/>&#8211; <strong><a href=\"https:\/\/www.geneve-parking.ch\/fr\/ou-stationner\/quai-ernest-ansermet\" target=\"_blank\" rel=\"noopener\">Parking Quai Ernest-Ansermet [\u2197]<\/a><\/strong>, Quai Ernest-Ansermet 18<\/p>\n<p>&nbsp;<\/p>\n<p>[\/et_pb_text][\/et_pb_column][\/et_pb_row][\/et_pb_section]<\/p>\n","protected":false},"excerpt":{"rendered":"<p>Ev\u00e9nement biennal &#8211; Informations g\u00e9n\u00e9ralesProchain \u00e9v\u00e9nement biennal : Samedi 7 novembre 2026 \u00e0 Uni Mail D\u00e9but des inscriptions pour les jeunes filles : 13 septembre 2026 Pour vous inscrire, rendez-vous [&hellip;]<\/p>\n","protected":false},"author":2,"featured_media":0,"parent":823,"menu_order":3,"comment_status":"closed","ping_status":"closed","template":"","meta":{"_et_pb_use_builder":"on","_et_pb_old_content":"","_et_gb_content_width":"","footnotes":""},"class_list":["post-3571","page","type-page","status-publish","hentry"],"_links":{"self":[{"href":"https:\/\/elargisteshorizons.ch\/en\/wp-json\/wp\/v2\/pages\/3571","targetHints":{"allow":["GET"]}}],"collection":[{"href":"https:\/\/elargisteshorizons.ch\/en\/wp-json\/wp\/v2\/pages"}],"about":[{"href":"https:\/\/elargisteshorizons.ch\/en\/wp-json\/wp\/v2\/types\/page"}],"author":[{"embeddable":true,"href":"https:\/\/elargisteshorizons.ch\/en\/wp-json\/wp\/v2\/users\/2"}],"replies":[{"embeddable":true,"href":"https:\/\/elargisteshorizons.ch\/en\/wp-json\/wp\/v2\/comments?post=3571"}],"version-history":[{"count":19,"href":"https:\/\/elargisteshorizons.ch\/en\/wp-json\/wp\/v2\/pages\/3571\/revisions"}],"predecessor-version":[{"id":3735,"href":"https:\/\/elargisteshorizons.ch\/en\/wp-json\/wp\/v2\/pages\/3571\/revisions\/3735"}],"up":[{"embeddable":true,"href":"https:\/\/elargisteshorizons.ch\/en\/wp-json\/wp\/v2\/pages\/823"}],"wp:attachment":[{"href":"https:\/\/elargisteshorizons.ch\/en\/wp-json\/wp\/v2\/media?parent=3571"}],"curies":[{"name":"wp","href":"https:\/\/api.w.org\/{rel}","templated":true}]}}