{"id":3478,"date":"2026-02-27T12:53:48","date_gmt":"2026-02-27T12:53:48","guid":{"rendered":"https:\/\/www.elargisteshorizons.website\/?page_id=3478"},"modified":"2026-03-24T10:46:46","modified_gmt":"2026-03-24T10:46:46","slug":"comite","status":"publish","type":"page","link":"https:\/\/elargisteshorizons.ch\/en\/a-propos\/comite\/","title":{"rendered":"Committee"},"content":{"rendered":"<p>[et_pb_section fb_built=\u00a0\u00bb1&Prime; _builder_version=\u00a0\u00bb4.27.4&Prime; _module_preset=\u00a0\u00bbdefault\u00a0\u00bb background_color=\u00a0\u00bb#F7F1EC\u00a0\u00bb custom_padding=\u00a0\u00bb||||false|false\u00a0\u00bb da_disable_devices=\u00a0\u00bboff|off|off\u00a0\u00bb global_colors_info=\u00a0\u00bb{}\u00a0\u00bb da_is_popup=\u00a0\u00bboff\u00a0\u00bb da_exit_intent=\u00a0\u00bboff\u00a0\u00bb da_has_close=\u00a0\u00bbon\u00a0\u00bb da_alt_close=\u00a0\u00bboff\u00a0\u00bb da_dark_close=\u00a0\u00bboff\u00a0\u00bb da_not_modal=\u00a0\u00bbon\u00a0\u00bb da_is_singular=\u00a0\u00bboff\u00a0\u00bb da_with_loader=\u00a0\u00bboff\u00a0\u00bb da_has_shadow=\u00a0\u00bbon\u00a0\u00bb][et_pb_row admin_label=\u00a0\u00bbLigne\u00a0\u00bb _builder_version=\u00a0\u00bb4.27.4&Prime; _module_preset=\u00a0\u00bbdefault\u00a0\u00bb global_colors_info=\u00a0\u00bb{}\u00a0\u00bb][et_pb_column type=\u00a0\u00bb4_4&Prime; _builder_version=\u00a0\u00bb4.27.4&Prime; _module_preset=\u00a0\u00bbdefault\u00a0\u00bb global_colors_info=\u00a0\u00bb{}\u00a0\u00bb][et_pb_text admin_label=\u00a0\u00bbTitre: Comit\u00e9\u00a0\u00bb _builder_version=\u00a0\u00bb4.27.4&Prime; _module_preset=\u00a0\u00bbdefault\u00a0\u00bb global_colors_info=\u00a0\u00bb{}\u00a0\u00bb]<\/p>\n<h1>Le comit\u00e9<\/h1>\n<p>[\/et_pb_text][\/et_pb_column][\/et_pb_row][et_pb_row column_structure=\u00a0\u00bb1_4,1_4,1_4,1_4&Prime; make_equal=\u00a0\u00bbon\u00a0\u00bb admin_label=\u00a0\u00bbSection Comit\u00e9 principal &#8211; V2&Prime; _builder_version=\u00a0\u00bb4.27.4&Prime; _module_preset=\u00a0\u00bbdefault\u00a0\u00bb custom_padding=\u00a0\u00bb3px||||false|false\u00a0\u00bb global_colors_info=\u00a0\u00bb{}\u00a0\u00bb][et_pb_column type=\u00a0\u00bb1_4&Prime; _builder_version=\u00a0\u00bb4.27.4&Prime; _module_preset=\u00a0\u00bbdefault\u00a0\u00bb global_colors_info=\u00a0\u00bb{}\u00a0\u00bb][et_pb_image src=\u00a0\u00bbhttps:\/\/www.elargisteshorizons.website\/wp-content\/uploads\/2025\/06\/Lorraine-McDowell.jpg\u00a0\u00bb title_text=\u00a0\u00bbLorraine-McDowell\u00a0\u00bb align=\u00a0\u00bbcenter\u00a0\u00bb admin_label=\u00a0\u00bbLorraine photo\u00a0\u00bb _builder_version=\u00a0\u00bb4.27.4&Prime; _module_preset=\u00a0\u00bbdefault\u00a0\u00bb border_radii=\u00a0\u00bbon|10px|10px|10px|10px\u00a0\u00bb global_colors_info=\u00a0\u00bb{}\u00a0\u00bb][\/et_pb_image][et_pb_toggle title=\u00a0\u00bbLorraine McDowell\u00a0\u00bb admin_label=\u00a0\u00bbLorraine Toggle\u00a0\u00bb _builder_version=\u00a0\u00bb4.27.4&Prime; _module_preset=\u00a0\u00bbdefault\u00a0\u00bb title_font=\u00a0\u00bb|700|||||||\u00a0\u00bb hover_enabled=\u00a0\u00bb0&Prime; global_colors_info=\u00a0\u00bb{}\u00a0\u00bb title_text_color__hover_enabled=\u00a0\u00bbon|desktop\u00a0\u00bb sticky_enabled=\u00a0\u00bb0&Prime;]<\/p>\n<p><strong>Pr\u00e9sidente<\/strong><\/p>\n<p>La science a toujours passionn\u00e9 Lorraine, de ses d\u00e9buts en laboratoire \u00e0 son travail actuel dans l\u2019industrie pharmaceutique, o\u00f9 elle analyse des donn\u00e9es d\u2019essais cliniques. Dipl\u00f4m\u00e9e en g\u00e9n\u00e9tique au Royaume-Uni, elle a constat\u00e9 le manque de filles dans ce domaine, allant jusqu\u2019\u00e0 passer ses examens scientifiques dans une \u00e9cole de gar\u00e7ons. En rejoignant l\u2019ETH en 2009, elle a voulu encourager les filles \u00e0 choisir une voie scientifique. Elle vit \u00e0 Gen\u00e8ve avec son mari et leurs trois enfants.<\/p>\n<p><strong><a href=\"\/contact\/\">FORMULAIRE DE CONTACT<\/a><\/strong><\/p>\n<p>[\/et_pb_toggle][et_pb_image src=\u00a0\u00bbhttps:\/\/www.elargisteshorizons.website\/wp-content\/uploads\/2026\/03\/Photo-Marie-Claude-Blatter-3.jpeg.png\u00a0\u00bb title_text=\u00a0\u00bbPhoto Marie-Claude Blatter-3.jpeg\u00a0\u00bb align=\u00a0\u00bbcenter\u00a0\u00bb admin_label=\u00a0\u00bbMC photo\u00a0\u00bb _builder_version=\u00a0\u00bb4.27.4&Prime; _module_preset=\u00a0\u00bbdefault\u00a0\u00bb border_radii=\u00a0\u00bbon|10px|10px|10px|10px\u00a0\u00bb global_colors_info=\u00a0\u00bb{}\u00a0\u00bb][\/et_pb_image][et_pb_toggle title=\u00a0\u00bbMarie-Claude Blatter\u00a0\u00bb admin_label=\u00a0\u00bbMC Toggle\u00a0\u00bb _builder_version=\u00a0\u00bb4.27.4&Prime; _module_preset=\u00a0\u00bbdefault\u00a0\u00bb title_font=\u00a0\u00bb|700|||||||\u00a0\u00bb hover_enabled=\u00a0\u00bb0&Prime; global_colors_info=\u00a0\u00bb{}\u00a0\u00bb title_text_color__hover_enabled=\u00a0\u00bbon|desktop\u00a0\u00bb sticky_enabled=\u00a0\u00bb0&Prime;]<\/p>\n<p><strong>Comit\u00e9<\/strong><\/p>\n<p>Marie-Claude est biochimiste de formation. Apr\u00e8s quinze ann\u00e9es consacr\u00e9es \u00e0 la recherche fondamentale, elle a poursuivi sa carri\u00e8re\u00a0dans le domaine de la bioinformatique. Passionn\u00e9e par les sciences \u2014 et plus particuli\u00e8rement par la biologie mol\u00e9culaire\u2014 elle s\u2019engage depuis de nombreuses ann\u00e9es \u00e0 transmettre, \u00e0 rendre la science accessible (voir les sites internet <a href=\"http:\/\/www.chromosomewalk.ch\" target=\"_blank\" rel=\"noopener\">www.chromosomewalk.ch<\/a> et <a href=\"https:\/\/lightofevolution.org\/\" target=\"_blank\" rel=\"noopener\">https:\/\/lightofevolution.org\/<\/a>) et \u00e0 faire d\u00e9couvrir le champ des possibles pour les jeunes g\u00e9n\u00e9rations en mati\u00e8re de carri\u00e8res scientifiques. Elle est b\u00e9n\u00e9vole au sein d\u2019Elargis tes Horizons depuis 2025 et membre du comit\u00e9 depuis 2026.<\/p>\n<p>Marie-Claude et Lena coordonnent ensemble les activit\u00e9s d\u2019ETH.<\/p>\n<p><strong><a href=\"\/evenement-biennal\/animateurs\/\">FORMULAIRE DE CONTACT POUR LES ANIMATEURS<\/a><\/strong><\/p>\n<p>[\/et_pb_toggle][et_pb_image src=\u00a0\u00bbhttps:\/\/www.elargisteshorizons.website\/wp-content\/uploads\/2025\/06\/Marie-264.png\u00a0\u00bb title_text=\u00a0\u00bbMarie-264&Prime; align=\u00a0\u00bbcenter\u00a0\u00bb _builder_version=\u00a0\u00bb4.27.4&Prime; _module_preset=\u00a0\u00bbdefault\u00a0\u00bb border_radii=\u00a0\u00bbon|10px|10px|10px|10px\u00a0\u00bb global_colors_info=\u00a0\u00bb{}\u00a0\u00bb admin_label=\u00a0\u00bbMarie Image\u00a0\u00bb][\/et_pb_image][et_pb_toggle title=\u00a0\u00bbMarie Mellody\u00a0\u00bb admin_label=\u00a0\u00bbMarie Toggle\u00a0\u00bb _builder_version=\u00a0\u00bb4.27.4&Prime; _module_preset=\u00a0\u00bbdefault\u00a0\u00bb title_font=\u00a0\u00bb|700|||||||\u00a0\u00bb global_colors_info=\u00a0\u00bb{}\u00a0\u00bb title_text_color__hover_enabled=\u00a0\u00bbon|desktop\u00a0\u00bb]<\/p>\n<p><strong>Comit\u00e9<\/strong><\/p>\n<p>Marie, form\u00e9e en biochimie et microbiologie, travaille dans le domaine acad\u00e9mique et biom\u00e9dical depuis plus de 30 ans. Ayant voyag\u00e9 et travaill\u00e9 aux \u00c9tats-Unis, en Irlande, au Royaume-Uni et en Suisse, elle enseigne la science aux jeunes avec passion et enthousiasme. B\u00e9n\u00e9vole \u00e0 ETH depuis 8 ans, elle a rejoint le Comit\u00e9 en 2023 pour renforcer son engagement en faveur des vocations scientifiques.<\/p>\n<p>\u200b<\/p>\n<p>[\/et_pb_toggle][\/et_pb_column][et_pb_column type=\u00a0\u00bb1_4&Prime; _builder_version=\u00a0\u00bb4.27.4&Prime; _module_preset=\u00a0\u00bbdefault\u00a0\u00bb global_colors_info=\u00a0\u00bb{}\u00a0\u00bb][et_pb_image src=\u00a0\u00bbhttps:\/\/www.elargisteshorizons.website\/wp-content\/uploads\/2025\/06\/Angela-264.png\u00a0\u00bb title_text=\u00a0\u00bbAngela-264&Prime; align=\u00a0\u00bbcenter\u00a0\u00bb _builder_version=\u00a0\u00bb4.27.4&Prime; _module_preset=\u00a0\u00bbdefault\u00a0\u00bb border_radii=\u00a0\u00bbon|10px|10px|10px|10px\u00a0\u00bb global_colors_info=\u00a0\u00bb{}\u00a0\u00bb admin_label=\u00a0\u00bbAngela Image\u00a0\u00bb][\/et_pb_image][et_pb_toggle title=\u00a0\u00bbAngela Piazzi\u00a0\u00bb admin_label=\u00a0\u00bbAngela Toggle\u00a0\u00bb _builder_version=\u00a0\u00bb4.27.4&Prime; _module_preset=\u00a0\u00bbdefault\u00a0\u00bb title_font=\u00a0\u00bb|700|||||||\u00a0\u00bb hover_enabled=\u00a0\u00bb0&Prime; global_colors_info=\u00a0\u00bb{}\u00a0\u00bb title_text_color__hover_enabled=\u00a0\u00bbon|desktop\u00a0\u00bb sticky_enabled=\u00a0\u00bb0&Prime;]<\/p>\n<div class=\"item_header\">\n<p><strong>Tr\u00e9sori\u00e8re<\/strong><\/p>\n<p>Angela a plus de 30 ans d&rsquo;exp\u00e9rience dans le d\u00e9veloppement de nouveau m\u00e9dicaments. Elle a occup\u00e9 des postes d&rsquo;inspectrice, de gestionnaire de projets et de directrice d\u2019\u00e9quipes responsables pour la mise en place et l\u2019ex\u00e9cution d\u2019\u00e9tudes cliniques aux niveaux europ\u00e9en et mondial. Elle s\u2019est donn\u00e9 comme mission de partager sa passion pour la recherche et son exp\u00e9rience dans l\u2019industrie avec autant de filles que possible. C\u2019est pour cela qu\u2019elle a joint le comit\u00e9 d\u2019ETH en 2023.<\/p>\n<\/div>\n<p><strong><a href=\"\/contact\/\">FORMULAIRE DE CONTACT<\/a><\/strong><\/p>\n<p>[\/et_pb_toggle][et_pb_image src=\u00a0\u00bbhttps:\/\/www.elargisteshorizons.website\/wp-content\/uploads\/2025\/06\/Ken.jpg\u00a0\u00bb title_text=\u00a0\u00bbKen\u00a0\u00bb align=\u00a0\u00bbcenter\u00a0\u00bb admin_label=\u00a0\u00bbKen photo\u00a0\u00bb _builder_version=\u00a0\u00bb4.27.4&Prime; _module_preset=\u00a0\u00bbdefault\u00a0\u00bb border_radii=\u00a0\u00bbon|10px|10px|10px|10px\u00a0\u00bb global_colors_info=\u00a0\u00bb{}\u00a0\u00bb][\/et_pb_image][et_pb_toggle title=\u00a0\u00bbKenneth Wong\u00a0\u00bb admin_label=\u00a0\u00bbKen Toggle\u00a0\u00bb _builder_version=\u00a0\u00bb4.27.4&Prime; _module_preset=\u00a0\u00bbdefault\u00a0\u00bb title_font=\u00a0\u00bb|700|||||||\u00a0\u00bb hover_enabled=\u00a0\u00bb0&Prime; global_colors_info=\u00a0\u00bb{}\u00a0\u00bb title_text_color__hover_enabled=\u00a0\u00bbon|desktop\u00a0\u00bb sticky_enabled=\u00a0\u00bb0&Prime;]<\/p>\n<p><strong>Vice-president et coordinateur des activit\u00e9s annuelles, ainsi que des ateliers et stands lors de l\u2019\u00e9v\u00e9nement biennal.<\/strong><\/p>\n<p>Physico-chimiste, Kenneth a men\u00e9 une carri\u00e8re internationale dans l\u2019industrie chimique, \u00e9tudiant les interactions entre mati\u00e8res actives et milieux complexes dans la parfumerie, les cosm\u00e9tiques, ou encore la peinture et les plastiques. Il consid\u00e8re la diversit\u00e9 comme essentielle \u00e0 la durabilit\u00e9 des organisations et leurs \u00e9quipes que pour la Nature et son \u00e9quilibre, d\u2019o\u00f9 son engagement au sein d\u2019ETH.<\/p>\n<p><strong><a href=\"\/evenement-biennal\/animateurs\/\">FORMULAIRE DE CONTACT POUR LES ANIMATEURS<\/a><\/strong><\/p>\n<p>[\/et_pb_toggle][et_pb_image src=\u00a0\u00bbhttps:\/\/www.elargisteshorizons.website\/wp-content\/uploads\/2025\/06\/Caro-264.jpg\u00a0\u00bb title_text=\u00a0\u00bbCaro-264&Prime; align=\u00a0\u00bbcenter\u00a0\u00bb _builder_version=\u00a0\u00bb4.27.4&Prime; _module_preset=\u00a0\u00bbdefault\u00a0\u00bb border_radii=\u00a0\u00bbon|10px|10px|10px|10px\u00a0\u00bb global_colors_info=\u00a0\u00bb{}\u00a0\u00bb admin_label=\u00a0\u00bbCaro Image\u00a0\u00bb][\/et_pb_image][et_pb_toggle title=\u00a0\u00bbCaroline Eghagha Oyeyi\u00a0\u00bb admin_label=\u00a0\u00bbCaro Toggle\u00a0\u00bb _builder_version=\u00a0\u00bb4.27.4&Prime; _module_preset=\u00a0\u00bbdefault\u00a0\u00bb title_font=\u00a0\u00bb|700|||||||\u00a0\u00bb global_colors_info=\u00a0\u00bb{}\u00a0\u00bb title_text_color__hover_enabled=\u00a0\u00bbon|desktop\u00a0\u00bb]<\/p>\n<p><strong>Comit\u00e9<\/strong><\/p>\n<p>Mi-suisse mi-nig\u00e9riane, Caroline a grandi \u00e0 Lagos et s&rsquo;est install\u00e9e \u00e0 Gen\u00e8ve \u00e0 la fin de son adolescence. Elle a toujours su qu&rsquo;il n&rsquo;y avait pas de diff\u00e9rence intellectuelle entre les gar\u00e7ons et les filles et l&rsquo;a transmise \u00e0 ses 4 enfants (2 filles, 2 gar\u00e7ons). Elle a rejoint ETH en 2017 et appr\u00e9cie \u00e9norm\u00e9ment l&rsquo;exp\u00e9rience !<\/p>\n<p>[\/et_pb_toggle][\/et_pb_column][et_pb_column type=\u00a0\u00bb1_4&Prime; _builder_version=\u00a0\u00bb4.27.4&Prime; _module_preset=\u00a0\u00bbdefault\u00a0\u00bb global_colors_info=\u00a0\u00bb{}\u00a0\u00bb][et_pb_image src=\u00a0\u00bbhttps:\/\/www.elargisteshorizons.website\/wp-content\/uploads\/2026\/03\/Photo-Silvie.png\u00a0\u00bb title_text=\u00a0\u00bbPhoto Silvie\u00a0\u00bb align=\u00a0\u00bbcenter\u00a0\u00bb _builder_version=\u00a0\u00bb4.27.4&Prime; _module_preset=\u00a0\u00bbdefault\u00a0\u00bb border_radii=\u00a0\u00bbon|10px|10px|10px|10px\u00a0\u00bb global_colors_info=\u00a0\u00bb{}\u00a0\u00bb admin_label=\u00a0\u00bbSilvie Image\u00a0\u00bb][\/et_pb_image][et_pb_toggle title=\u00a0\u00bbSilvie Holowaty\u00a0\u00bb admin_label=\u00a0\u00bbSilvie Toggle\u00a0\u00bb _builder_version=\u00a0\u00bb4.27.4&Prime; _module_preset=\u00a0\u00bbdefault\u00a0\u00bb title_font=\u00a0\u00bb|700|||||||\u00a0\u00bb hover_enabled=\u00a0\u00bb0&Prime; global_colors_info=\u00a0\u00bb{}\u00a0\u00bb title_text_color__hover_enabled=\u00a0\u00bbon|desktop\u00a0\u00bb sticky_enabled=\u00a0\u00bb0&Prime;]<\/p>\n<p><strong>Secr\u00e9taire, agent de d\u00e9veloppement et \u00e9ditrice du site internet<\/strong><\/p>\n<p>Silvie, attir\u00e9e par les sciences d\u00e8s son jeune \u00e2ge, a \u00e9tudi\u00e9 math\u00e9matiques, psychologie et infographie 3D. Elle a exerc\u00e9 avec passion dans la recherche, l\u2019enseignement et la cr\u00e9ation de mat\u00e9riel \u00e9ducatif (jeux, livres, films, logiciels). Convaincue que les filles ont pleinement leur place en sciences, elle rejoint avec enthousiasme le projet d\u2019ETH, motiv\u00e9e par l\u2019envie de promouvoir l\u2019\u00e9galit\u00e9 et l\u2019acc\u00e8s aux sciences pour toutes.<\/p>\n<p><strong><a href=\"\/contact\/\">FORMULAIRE DE CONTACT<\/a><\/strong><\/p>\n<p>[\/et_pb_toggle][et_pb_image src=\u00a0\u00bbhttps:\/\/www.elargisteshorizons.website\/wp-content\/uploads\/2025\/06\/Nicoletta_Garelli.png\u00a0\u00bb title_text=\u00a0\u00bbNicoletta_Garelli\u00a0\u00bb align=\u00a0\u00bbcenter\u00a0\u00bb _builder_version=\u00a0\u00bb4.27.4&Prime; _module_preset=\u00a0\u00bbdefault\u00a0\u00bb border_radii=\u00a0\u00bbon|10px|10px|10px|10px\u00a0\u00bb global_colors_info=\u00a0\u00bb{}\u00a0\u00bb admin_label=\u00a0\u00bbNicoletta Image\u00a0\u00bb][\/et_pb_image][et_pb_toggle title=\u00a0\u00bbNicoletta Garelli\u00a0\u00bb admin_label=\u00a0\u00bbNicoletta Toggle\u00a0\u00bb _builder_version=\u00a0\u00bb4.27.4&Prime; _module_preset=\u00a0\u00bbdefault\u00a0\u00bb title_font=\u00a0\u00bb|700|||||||\u00a0\u00bb hover_enabled=\u00a0\u00bb0&Prime; global_colors_info=\u00a0\u00bb{}\u00a0\u00bb title_text_color__hover_enabled=\u00a0\u00bbon|desktop\u00a0\u00bb sticky_enabled=\u00a0\u00bb0&Prime;]<\/p>\n<p><strong>Responsable des b\u00e9n\u00e9voles<\/strong><\/p>\n<p>Nicoletta est physicienne des particules avec 15 ans de carri\u00e8re dans l\u2019exp\u00e9rience ATLAS au CERN (Gen\u00e8ve) et au SLAC (Californie). Experte en r\u00e9solution de probl\u00e8mes, elle a travaill\u00e9 sur des d\u00e9tecteurs, l\u2019acquisition de donn\u00e9es, le d\u00e9clenchement et les logiciels. Coordinatrice efficace et motivante, elle a aussi organis\u00e9 formations, ateliers et les CERN Open Days 2019. Elle a dirig\u00e9 la contribution du CERN aux \u00e9v\u00e9nements biennaux d\u2019ETH en 2017 et 2019.<\/p>\n<p><strong><a href=\"\/evenement-biennal\/benevoles\/\">FORMULAIRE DE CONTACT POUR LES BENEVOLES<\/a><\/strong><\/p>\n<p>[\/et_pb_toggle][et_pb_image src=\u00a0\u00bbhttps:\/\/www.elargisteshorizons.website\/wp-content\/uploads\/2025\/06\/Chloe-264.jpg\u00a0\u00bb title_text=\u00a0\u00bbChloe-264&Prime; align=\u00a0\u00bbcenter\u00a0\u00bb _builder_version=\u00a0\u00bb4.27.4&Prime; _module_preset=\u00a0\u00bbdefault\u00a0\u00bb border_radii=\u00a0\u00bbon|10px|10px|10px|10px\u00a0\u00bb global_colors_info=\u00a0\u00bb{}\u00a0\u00bb admin_label=\u00a0\u00bbChloe Image\u00a0\u00bb][\/et_pb_image][et_pb_toggle title=\u00a0\u00bbChlo\u00eb Sheikh &#8211; Kadir\u00a0\u00bb admin_label=\u00a0\u00bbChloe Toggle\u00a0\u00bb _builder_version=\u00a0\u00bb4.27.4&Prime; _module_preset=\u00a0\u00bbdefault\u00a0\u00bb title_font=\u00a0\u00bb|700|||||||\u00a0\u00bb global_colors_info=\u00a0\u00bb{}\u00a0\u00bb title_text_color__hover_enabled=\u00a0\u00bbon|desktop\u00a0\u00bb]<\/p>\n<p><strong>Comit\u00e9<\/strong><\/p>\n<p>Chlo\u00eb est dipl\u00f4m\u00e9e en g\u00e9n\u00e9tique de l&rsquo;University College London. La combinaison d&rsquo;un MSc en photographie et imagerie biologiques et d&rsquo;un master en mus\u00e9ologie l&rsquo;a aid\u00e9e \u00e0 mieux comprendre comment int\u00e9resser les gens aux sciences.<\/p>\n<p>Elle a g\u00e9r\u00e9 avec enthousiasme des projets de communication et d&rsquo;\u00e9ducation scientifiques \u00e0 Bruxelles, Londres et Gen\u00e8ve.<\/p>\n<p>&nbsp;<\/p>\n<p>[\/et_pb_toggle][\/et_pb_column][et_pb_column type=\u00a0\u00bb1_4&Prime; _builder_version=\u00a0\u00bb4.27.4&Prime; _module_preset=\u00a0\u00bbdefault\u00a0\u00bb global_colors_info=\u00a0\u00bb{}\u00a0\u00bb][et_pb_image src=\u00a0\u00bbhttps:\/\/www.elargisteshorizons.website\/wp-content\/uploads\/2025\/06\/Lena-Maislisch-2015.jpg\u00a0\u00bb title_text=\u00a0\u00bbLena Maislisch 2015&Prime; align=\u00a0\u00bbcenter\u00a0\u00bb _builder_version=\u00a0\u00bb4.27.4&Prime; _module_preset=\u00a0\u00bbdefault\u00a0\u00bb border_radii=\u00a0\u00bbon|10px|10px|10px|10px\u00a0\u00bb global_colors_info=\u00a0\u00bb{}\u00a0\u00bb admin_label=\u00a0\u00bbLena Image\u00a0\u00bb][\/et_pb_image][et_pb_toggle title=\u00a0\u00bbLena Maislisch\u00a0\u00bb admin_label=\u00a0\u00bbLena Toggle\u00a0\u00bb _builder_version=\u00a0\u00bb4.27.4&Prime; _module_preset=\u00a0\u00bbdefault\u00a0\u00bb title_font=\u00a0\u00bb|700|||||||\u00a0\u00bb hover_enabled=\u00a0\u00bb0&Prime; global_colors_info=\u00a0\u00bb{}\u00a0\u00bb title_text_color__hover_enabled=\u00a0\u00bbon|desktop\u00a0\u00bb sticky_enabled=\u00a0\u00bb0&Prime;]<\/p>\n<p><strong>Comit\u00e9<\/strong><\/p>\n<p>Lena a une formation en biochimie et travaille dans le secteur pharmaceutique et biotech depuis plus de 20 ans. Tant la science que la formation, et particuli\u00e8rement celle des jeunes, sont des sujets qui lui tiennent beaucoup \u00e0 coeur. Aussi, lorsqu&rsquo;une amie membre du comit\u00e9 d&rsquo;organisation lui a propos\u00e9 de participer en tant que b\u00e9n\u00e9vole \u00e0 l&rsquo;\u00e9dition 2013 d&rsquo;ETH, elle a tout de suite accept\u00e9. Lena a \u00e9t\u00e9 tellement enthousiasm\u00e9e par cet \u00e9v\u00e9nement qu&rsquo;elle a d\u00e9cid\u00e9 de rejoindre le comit\u00e9 pour l&rsquo;\u00e9dition suivante. Lena et Marie-Claude coordonnent ensemble les activit\u00e9s d\u2019ETH.<\/p>\n<p><strong><a href=\"\/evenement-biennal\/animateurs\/\">FORMULAIRE DE CONTACT POUR LES ANIMATEURS<\/a><\/strong><\/p>\n<p>[\/et_pb_toggle][et_pb_image src=\u00a0\u00bbhttps:\/\/www.elargisteshorizons.website\/wp-content\/uploads\/2025\/06\/Photo-Valerie-2.jpg\u00a0\u00bb title_text=\u00a0\u00bbPhoto Vale\u0301rie 2&Prime; align=\u00a0\u00bbcenter\u00a0\u00bb _builder_version=\u00a0\u00bb4.27.4&Prime; _module_preset=\u00a0\u00bbdefault\u00a0\u00bb border_radii=\u00a0\u00bbon|10px|10px|10px|10px\u00a0\u00bb global_colors_info=\u00a0\u00bb{}\u00a0\u00bb admin_label=\u00a0\u00bbVal\u00e9rie Image\u00a0\u00bb][\/et_pb_image][et_pb_toggle title=\u00a0\u00bbVal\u00e9rie Barbi\u00e9\u00a0\u00bb admin_label=\u00a0\u00bbVal\u00e9rie Toggle\u00a0\u00bb _builder_version=\u00a0\u00bb4.27.4&Prime; _module_preset=\u00a0\u00bbdefault\u00a0\u00bb title_font=\u00a0\u00bb|700|||||||\u00a0\u00bb global_colors_info=\u00a0\u00bb{}\u00a0\u00bb title_text_color__hover_enabled=\u00a0\u00bbon|desktop\u00a0\u00bb]<\/p>\n<div class=\"item_header\">\n<p><strong>Comit\u00e9<\/strong><\/p>\n<p>Val\u00e9rie a une formation d&rsquo;ing\u00e9nieur en informatique et a toujours travaill\u00e9 dans le domaine de la bioinformatique, dans le monde acad\u00e9mique et dans l&rsquo;industrie pharmaceutique. Engag\u00e9e dans plusieurs initiatives li\u00e9es \u00e0 la formation, en particulier des jeunes filles, elle est b\u00e9n\u00e9vole au sein d&rsquo;Elargis tes Horizons depuis 2012.<\/p>\n<p><strong>\u00a0<\/strong><\/p>\n<\/div>\n<p>[\/et_pb_toggle][\/et_pb_column][\/et_pb_row][et_pb_row _builder_version=\u00a0\u00bb4.27.4&Prime; _module_preset=\u00a0\u00bbdefault\u00a0\u00bb custom_margin=\u00a0\u00bb28px||||false|false\u00a0\u00bb global_colors_info=\u00a0\u00bb{}\u00a0\u00bb][et_pb_column type=\u00a0\u00bb4_4&Prime; _builder_version=\u00a0\u00bb4.27.4&Prime; _module_preset=\u00a0\u00bbdefault\u00a0\u00bb global_colors_info=\u00a0\u00bb{}\u00a0\u00bb][et_pb_text _builder_version=\u00a0\u00bb4.27.4&Prime; _module_preset=\u00a0\u00bbdefault\u00a0\u00bb global_colors_info=\u00a0\u00bb{}\u00a0\u00bb]<\/p>\n<h4 style=\"text-align: center;\">\ud83d\udc49 Pour nous contacter, rendez-vous sur notre page Contact.<\/h4>\n<p>[\/et_pb_text][et_pb_button button_url=\u00a0\u00bb@ET-DC@eyJkeW5hbWljIjp0cnVlLCJjb250ZW50IjoicG9zdF9saW5rX3VybF9wYWdlIiwic2V0dGluZ3MiOnsicG9zdF9pZCI6Ijc5NiJ9fQ==@\u00a0\u00bb button_text=\u00a0\u00bbCONTACT\u00a0\u00bb button_alignment=\u00a0\u00bbcenter\u00a0\u00bb _builder_version=\u00a0\u00bb4.27.4&Prime; _dynamic_attributes=\u00a0\u00bbbutton_url\u00a0\u00bb _module_preset=\u00a0\u00bbdefault\u00a0\u00bb button_on_hover=\u00a0\u00bboff\u00a0\u00bb locked=\u00a0\u00bboff\u00a0\u00bb global_colors_info=\u00a0\u00bb{}\u00a0\u00bb button_bg_color__hover=\u00a0\u00bb#C7FF1F\u00a0\u00bb][\/et_pb_button][\/et_pb_column][\/et_pb_row][et_pb_row admin_label=\u00a0\u00bbLigne\u00a0\u00bb _builder_version=\u00a0\u00bb4.27.4&Prime; _module_preset=\u00a0\u00bbdefault\u00a0\u00bb global_colors_info=\u00a0\u00bb{}\u00a0\u00bb][et_pb_column type=\u00a0\u00bb4_4&Prime; _builder_version=\u00a0\u00bb4.27.4&Prime; _module_preset=\u00a0\u00bbdefault\u00a0\u00bb global_colors_info=\u00a0\u00bb{}\u00a0\u00bb][et_pb_text admin_label=\u00a0\u00bbEmpty space\u00a0\u00bb _builder_version=\u00a0\u00bb4.27.4&Prime; _module_preset=\u00a0\u00bbdefault\u00a0\u00bb global_colors_info=\u00a0\u00bb{}\u00a0\u00bb][\/et_pb_text][\/et_pb_column][\/et_pb_row][\/et_pb_section]<\/p>\n","protected":false},"excerpt":{"rendered":"<p>Le comit\u00e9Pr\u00e9sidente La science a toujours passionn\u00e9 Lorraine, de ses d\u00e9buts en laboratoire \u00e0 son travail actuel dans l\u2019industrie pharmaceutique, o\u00f9 elle analyse des donn\u00e9es d\u2019essais cliniques. Dipl\u00f4m\u00e9e en g\u00e9n\u00e9tique [&hellip;]<\/p>\n","protected":false},"author":2,"featured_media":0,"parent":34,"menu_order":5,"comment_status":"closed","ping_status":"closed","template":"","meta":{"_et_pb_use_builder":"on","_et_pb_old_content":"","_et_gb_content_width":"","footnotes":""},"class_list":["post-3478","page","type-page","status-publish","hentry"],"_links":{"self":[{"href":"https:\/\/elargisteshorizons.ch\/en\/wp-json\/wp\/v2\/pages\/3478","targetHints":{"allow":["GET"]}}],"collection":[{"href":"https:\/\/elargisteshorizons.ch\/en\/wp-json\/wp\/v2\/pages"}],"about":[{"href":"https:\/\/elargisteshorizons.ch\/en\/wp-json\/wp\/v2\/types\/page"}],"author":[{"embeddable":true,"href":"https:\/\/elargisteshorizons.ch\/en\/wp-json\/wp\/v2\/users\/2"}],"replies":[{"embeddable":true,"href":"https:\/\/elargisteshorizons.ch\/en\/wp-json\/wp\/v2\/comments?post=3478"}],"version-history":[{"count":13,"href":"https:\/\/elargisteshorizons.ch\/en\/wp-json\/wp\/v2\/pages\/3478\/revisions"}],"predecessor-version":[{"id":3762,"href":"https:\/\/elargisteshorizons.ch\/en\/wp-json\/wp\/v2\/pages\/3478\/revisions\/3762"}],"up":[{"embeddable":true,"href":"https:\/\/elargisteshorizons.ch\/en\/wp-json\/wp\/v2\/pages\/34"}],"wp:attachment":[{"href":"https:\/\/elargisteshorizons.ch\/en\/wp-json\/wp\/v2\/media?parent=3478"}],"curies":[{"name":"wp","href":"https:\/\/api.w.org\/{rel}","templated":true}]}}