{"id":3461,"date":"2026-02-24T18:15:06","date_gmt":"2026-02-24T18:15:06","guid":{"rendered":"https:\/\/www.elargisteshorizons.website\/?page_id=3461"},"modified":"2026-03-29T17:42:30","modified_gmt":"2026-03-29T17:42:30","slug":"la-situation-nos-objectifs","status":"publish","type":"page","link":"https:\/\/elargisteshorizons.ch\/en\/a-propos\/la-situation-nos-objectifs\/","title":{"rendered":"The situation and our objectives"},"content":{"rendered":"<p>[et_pb_section fb_built=\u00a0\u00bb1&Prime; _builder_version=\u00a0\u00bb4.27.4&Prime; _module_preset=\u00a0\u00bbdefault\u00a0\u00bb background_color=\u00a0\u00bb#F7F1EC\u00a0\u00bb custom_padding=\u00a0\u00bb||||false|false\u00a0\u00bb da_disable_devices=\u00a0\u00bboff|off|off\u00a0\u00bb collapsed=\u00a0\u00bboff\u00a0\u00bb global_colors_info=\u00a0\u00bb{}\u00a0\u00bb da_is_popup=\u00a0\u00bboff\u00a0\u00bb da_exit_intent=\u00a0\u00bboff\u00a0\u00bb da_has_close=\u00a0\u00bbon\u00a0\u00bb da_alt_close=\u00a0\u00bboff\u00a0\u00bb da_dark_close=\u00a0\u00bboff\u00a0\u00bb da_not_modal=\u00a0\u00bbon\u00a0\u00bb da_is_singular=\u00a0\u00bboff\u00a0\u00bb da_with_loader=\u00a0\u00bboff\u00a0\u00bb da_has_shadow=\u00a0\u00bbon\u00a0\u00bb][et_pb_row admin_label=\u00a0\u00bbTitre: \u00a0\u00bb _builder_version=\u00a0\u00bb4.27.4&Prime; _module_preset=\u00a0\u00bbdefault\u00a0\u00bb global_colors_info=\u00a0\u00bb{}\u00a0\u00bb][et_pb_column type=\u00a0\u00bb4_4&Prime; _builder_version=\u00a0\u00bb4.27.4&Prime; _module_preset=\u00a0\u00bbdefault\u00a0\u00bb global_colors_info=\u00a0\u00bb{}\u00a0\u00bb][et_pb_text admin_label=\u00a0\u00bbTitre:\u00a0\u00bb _builder_version=\u00a0\u00bb4.27.4&Prime; _module_preset=\u00a0\u00bbdefault\u00a0\u00bb global_colors_info=\u00a0\u00bb{}\u00a0\u00bb]<\/p>\n<h1>La situation et nos objectifs<\/h1>\n<p>[\/et_pb_text][et_pb_image src=\u00a0\u00bbhttps:\/\/www.elargisteshorizons.website\/wp-content\/uploads\/2025\/07\/ETH2022-Agroscope-champignons-copyright-GASSER-DSC_9436_horizontal-scaled.jpg\u00a0\u00bb title_text=\u00a0\u00bbETH2022 Agroscope champignons copyright-GASSER-DSC_9436_horizontal\u00a0\u00bb _builder_version=\u00a0\u00bb4.27.4&Prime; _module_preset=\u00a0\u00bbdefault\u00a0\u00bb width=\u00a0\u00bb100%\u00a0\u00bb module_alignment=\u00a0\u00bbleft\u00a0\u00bb locked=\u00a0\u00bboff\u00a0\u00bb global_colors_info=\u00a0\u00bb{}\u00a0\u00bb][\/et_pb_image][\/et_pb_column][\/et_pb_row][et_pb_row _builder_version=\u00a0\u00bb4.27.4&Prime; _module_preset=\u00a0\u00bbdefault\u00a0\u00bb global_colors_info=\u00a0\u00bb{}\u00a0\u00bb][et_pb_column type=\u00a0\u00bb4_4&Prime; _builder_version=\u00a0\u00bb4.27.4&Prime; _module_preset=\u00a0\u00bbdefault\u00a0\u00bb global_colors_info=\u00a0\u00bb{}\u00a0\u00bb][et_pb_text admin_label=\u00a0\u00bbTitre : La situation\u00a0\u00bb _builder_version=\u00a0\u00bb4.27.4&Prime; _module_preset=\u00a0\u00bbdefault\u00a0\u00bb header_3_text_color=\u00a0\u00bb#A33AFF\u00a0\u00bb custom_margin=\u00a0\u00bb|||1px||\u00a0\u00bb global_colors_info=\u00a0\u00bb{}\u00a0\u00bb]<\/p>\n<h2>La situation<a href=\"https:\/\/www.elargisteshorizons.ch\/images\/Rapport-activite\/Rapport-Final-Estelle.pdf\" target=\"_blank\" rel=\"noopener noreferrer\"><\/a><\/h2>\n<p>[\/et_pb_text][et_pb_text admin_label=\u00a0\u00bbtexte: La situation\u00a0\u00bb _builder_version=\u00a0\u00bb4.27.4&Prime; _module_preset=\u00a0\u00bbdefault\u00a0\u00bb global_colors_info=\u00a0\u00bb{}\u00a0\u00bb]<\/p>\n<p><strong>Dans notre soci\u00e9t\u00e9 et notre culture, jouets, \u00e9ducation et attitudes transmettent l\u2019id\u00e9e que science et technologie ne sont pas faites pour les filles. Par cons\u00e9quent, les filles ont tendance \u00e0 limiter leurs ambitions et n\u2019osent tout simplement pas se diriger vers certains m\u00e9tiers, souvent par manque de confiance en soi ou de soutien de l\u2019entourage, mais \u00e9galement \u00e0 cause de l\u2019absence de figures d\u2019identification visibles. Ces in\u00e9galit\u00e9s apparaissent d\u00e8s l\u2019\u00e9cole primaire.<\/strong><\/p>\n<p><strong>En 2024, l\u2019UNESCO a publi\u00e9 un rapport<\/strong> [<strong><a href=\"https:\/\/unesdoc.unesco.org\/ark:\/48223\/pf0000388641_fre\" target=\"_blank\" rel=\"noopener\">Appel \u00e0 l\u2019action de l\u2019UNESCO : combler l&rsquo;\u00e9cart entre les genres en science.: SC-PBS-STIP\/2024\/FWIS\/1 Rev. 2; 2024 [\u2197] <\/a><\/strong>] sur le travail de r\u00e9flexion conduit lors du Forum mondial \u201cL\u2019avenir pour les femmes et les filles de science\u201d, <strong>avec un appel \u00e0 l\u2019action<\/strong> visant les objectifs suivants:<\/p>\n<ul>\n<li><strong>Eliminer les st\u00e9r\u00e9otypes et les pr\u00e9jug\u00e9s li\u00e9s au genre dans le domaine de la science<\/strong><\/li>\n<li><strong>Ouvrir les parcours \u00e9ducatifs scientifiques aux filles<\/strong><\/li>\n<li>Cr\u00e9er des environnements de travail qui attirent, retiennent et font progresser les femmes scientifiques<\/li>\n<\/ul>\n<p>En 2022, les femmes repr\u00e9sentaient 41% de tous les chercheurs actifs dans le monde, cependant cette proportion varie en fonction des disciplines MINT, ainsi qu\u2019en fonction des pays, allant de 52% au Portugal, \u00e0 42% dans l\u2019Union Europ\u00e9enne et aux Etats-Unis, et \u00e0 seulement 22% au Japon [<strong><a href=\"https:\/\/assets.ctfassets.net\/o78em1y1w4i4\/3W1JKBd7ez41lAJKFWkB4l\/d903f7578230d316bf18e702e870a137\/Progress-Toward-Gender-Equality-in-Research-Innovation_2024-Review.pdf?utm_source=newsletter&amp;utm_medium=email&amp;utm_campaign=newsletter_axiosscience&amp;stream=science\" target=\"_blank\" rel=\"noopener\">Progress Toward Gender Equality in Research &amp; Innovation \u2014 2024 Review. An in-depth analysis of research participation, career progression and research contributions across the globe. Elsevier [\u2197] <\/a><\/strong>].<\/p>\n<p><strong>En Suisse, bien que les filles obtiennent en moyenne de meilleurs r\u00e9sultats que les gar\u00e7ons \u00e0 l\u2019\u00e9cole obligatoire, qu\u2019elles soient majoritaires parmi les titulaires d\u2019un certificat de maturit\u00e9 et que le nombre de dipl\u00f4m\u00e9es universitaires ait fortement augment\u00e9, un biais persiste et les diff\u00e9rences entre femmes et hommes pour le choix d\u2019une formation ne se sont pas att\u00e9nu\u00e9es<\/strong> <strong>[<a href=\"https:\/\/www.ekf.admin.ch\/ekf\/fr\/home\/themen\/droits-economiques--sociaux-et-culturels\/culture--education-et-science.html\" target=\"_blank\" rel=\"noopener\">Culture, \u00e9ducation et science. Commission f\u00e9d\u00e9rale pour les questions f\u00e9minines CFQF. Conf\u00e9d\u00e9ration suisse [\u2197] <\/a><\/strong>].<\/p>\n<p>Par exemple, <strong>en 2020, la Suisse ne comptait que 18% de femmes dans les technologies de l\u2019information et de la communication (15.9% en 2010)<\/strong> [<strong><a href=\"https:\/\/www.heidi.news\/education\/pour-promouvoir-la-releve-feminine-dans-les-mint-unissons-nous\" target=\"_blank\" rel=\"noopener\">Pour la rel\u00e8ve f\u00e9minine dans les MINT, unissons-nous! Heidi.News. Publi\u00e9 le 8 avril 2021 [\u2197] <\/a><\/strong>].<\/p>\n<p>La proportion de femmes dipl\u00f4m\u00e9es en MINT qui entrent dans des emplois en MINT augmente chaque ann\u00e9e, cependant, les chiffres montrent une chute significative dans la r\u00e9tention des femmes dans les MINT d\u00e9j\u00e0 apr\u00e8s une ann\u00e9e. Cette chute est encore plus prononc\u00e9e dans les postes aux niveaux les plus \u00e9lev\u00e9s. En effet, <strong>alors que les femmes repr\u00e9sentent environ 30% des emplois en MINT d\u00e9butants, seuls 12.4% des postes de cadres-sup\u00e9rieurs en MINT sont occup\u00e9s par des femme<\/strong>s [<strong><a href=\"https:\/\/www.weforum.org\/stories\/2024\/03\/empowering-women-in-stem-how-we-break-barriers-from-classroom-to-c-suite\/\" target=\"_blank\" rel=\"noopener\">Elhussain G, Hakspiel J. Empowering women in STEM: How we break barriers from classroom to C-suite. Published 1 Mar 2024, updated 10 Sep 2024. World Economic Forum [\u2197] <\/a><\/strong>].<\/p>\n<p><strong>Le peu de filles dans les fili\u00e8res MINT entra\u00eene des cons\u00e9quences importantes sur leur s\u00e9curit\u00e9 financi\u00e8re \u00e0 l\u2019\u00e2ge adulte, l\u2019\u00e9conomie et l\u2019innovation.<\/strong><\/p>\n<p><strong><\/strong><\/p>\n<p>[\/et_pb_text][\/et_pb_column][\/et_pb_row][et_pb_row column_structure=\u00a0\u00bb2_3,1_3&Prime; _builder_version=\u00a0\u00bb4.27.4&Prime; _module_preset=\u00a0\u00bbdefault\u00a0\u00bb custom_margin=\u00a0\u00bb|auto|0px|auto|false|false\u00a0\u00bb custom_padding=\u00a0\u00bb0px|||||\u00a0\u00bb global_colors_info=\u00a0\u00bb{}\u00a0\u00bb][et_pb_column type=\u00a0\u00bb2_3&Prime; _builder_version=\u00a0\u00bb4.27.4&Prime; _module_preset=\u00a0\u00bbdefault\u00a0\u00bb global_colors_info=\u00a0\u00bb{}\u00a0\u00bb][et_pb_text admin_label=\u00a0\u00bbTitre : Notre objectif\u00a0\u00bb _builder_version=\u00a0\u00bb4.27.4&Prime; _module_preset=\u00a0\u00bbdefault\u00a0\u00bb header_3_text_color=\u00a0\u00bb#A33AFF\u00a0\u00bb custom_margin=\u00a0\u00bb|||1px||\u00a0\u00bb global_colors_info=\u00a0\u00bb{}\u00a0\u00bb]<\/p>\n<p>&nbsp;<\/p>\n<h2>Nos objectifs<a href=\"https:\/\/www.elargisteshorizons.ch\/images\/Rapport-activite\/Rapport-Final-Estelle.pdf\" target=\"_blank\" rel=\"noopener noreferrer\"><\/a><\/h2>\n<p>[\/et_pb_text][et_pb_text admin_label=\u00a0\u00bbTexte Notre objectif\u00a0\u00bb _builder_version=\u00a0\u00bb4.27.4&Prime; _module_preset=\u00a0\u00bbdefault\u00a0\u00bb header_2_text_color=\u00a0\u00bb#A33AFF\u00a0\u00bb header_3_text_color=\u00a0\u00bb#A33AFF\u00a0\u00bb custom_margin=\u00a0\u00bb|116px||1px||\u00a0\u00bb global_colors_info=\u00a0\u00bb{}\u00a0\u00bb]<\/p>\n<p><span style=\"color: #000000;\">Elargis tes Horizons Gen\u00e8ve est une association \u00e0 but non lucratif qui vise \u00e0<b> offrir <\/b><b>aux jeunes filles des exp\u00e9riences nouvelles dans le domaine des MINT <\/b>(Math\u00e9matiques, Informatique, sciences Naturelles et Techniques) <strong>dont elles n\u2019auraient jamais imagin\u00e9 l\u2019existence.<\/strong><\/span><\/p>\n<p><span style=\"color: #000000;\">Notre objectif est d\u2019<b>encourager les jeunes filles \u00e0 \u00e9tudier les sciences et la technologie et \u00e0 envisager une carri\u00e8re dans l\u2019un de ces domaines. <\/b><\/span><\/p>\n<p><span style=\"color: #000000;\">Nos activit\u00e9s sont <\/span> <strong>principalement anim\u00e9s par des femmes scientifiques<\/strong> et donnent aux filles l&rsquo;occasion de rencontrer des <strong>mod\u00e8les inspirantes<\/strong>.<\/p>\n<p>C\u2019est aussi l\u2019occasion pour les jeunes filles de <strong>se retrouver avec d\u2019autres filles de leur \u00e2ge int\u00e9ress\u00e9es par les sciences.<\/strong><\/p>\n<p><strong>\u00a0\u00a0<\/strong><\/p>\n<p>[\/et_pb_text][\/et_pb_column][et_pb_column type=\u00a0\u00bb1_3&Prime; _builder_version=\u00a0\u00bb4.27.4&Prime; _module_preset=\u00a0\u00bbdefault\u00a0\u00bb global_colors_info=\u00a0\u00bb{}\u00a0\u00bb][et_pb_cta title=\u00a0\u00bbNos activit\u00e9s\u00a0\u00bb button_text=\u00a0\u00bbClics\u00a0\u00bb admin_label=\u00a0\u00bbNos activit\u00e9s\u00a0\u00bb _builder_version=\u00a0\u00bb4.27.6&Prime; _module_preset=\u00a0\u00bbdefault\u00a0\u00bb header_level=\u00a0\u00bbh1&Prime; header_font=\u00a0\u00bb|||on|||||\u00a0\u00bb header_text_color=\u00a0\u00bb#9424DE\u00a0\u00bb background_color=\u00a0\u00bb#FFFFFF\u00a0\u00bb background_layout=\u00a0\u00bblight\u00a0\u00bb custom_margin=\u00a0\u00bb|23px||-116px|false|false\u00a0\u00bb custom_margin_tablet=\u00a0\u00bb-30px|39px||0px|false|false\u00a0\u00bb custom_margin_phone=\u00a0\u00bb-30px|39px||0px|false|false\u00a0\u00bb custom_margin_last_edited=\u00a0\u00bbon|phone\u00a0\u00bb hover_enabled=\u00a0\u00bb0&Prime; box_shadow_style=\u00a0\u00bbpreset1&Prime; global_colors_info=\u00a0\u00bb{}\u00a0\u00bb sticky_enabled=\u00a0\u00bb0&Prime;]<\/p>\n<p style=\"text-align: left;\"><strong><br \/>Environ 10 mercredis par ann\u00e9e<\/strong><\/p>\n<p style=\"text-align: left;\"><strong><span style=\"color: #9424de;\">Des ateliers scientifiques ou des visites guid\u00e9es en petits groupes de 10 \u00e0 15 filles. Prix CHF 10.-.<\/span><br \/><\/strong><\/p>\n<p style=\"text-align: right;\"><a href=\"\/sorties-scientifiques\/\"><strong>EN SAVOIR PLUS &gt;<\/strong><\/a><\/p>\n<p style=\"text-align: left;\"><strong>Tous les deux ans<\/strong><\/p>\n<p style=\"text-align: left;\"><span style=\"color: #9424de;\"><strong>Un grand \u00e9v\u00e9nement scientifique GRATUIT pour 400 filles de 11 \u00e0 14 ans.<\/strong><\/span><\/p>\n<p style=\"text-align: right;\"><a href=\"\/informations-generales\/\"><strong>EN SAVOIR PLUS &gt;<\/strong><\/a><\/p>\n<p>[\/et_pb_cta][\/et_pb_column][\/et_pb_row][et_pb_row _builder_version=\u00a0\u00bb4.27.4&Prime; _module_preset=\u00a0\u00bbdefault\u00a0\u00bb custom_margin=\u00a0\u00bb|auto||auto|false|false\u00a0\u00bb custom_padding=\u00a0\u00bb0px|||||\u00a0\u00bb global_colors_info=\u00a0\u00bb{}\u00a0\u00bb][et_pb_column type=\u00a0\u00bb4_4&Prime; _builder_version=\u00a0\u00bb4.27.4&Prime; _module_preset=\u00a0\u00bbdefault\u00a0\u00bb global_colors_info=\u00a0\u00bb{}\u00a0\u00bb][et_pb_text admin_label=\u00a0\u00bbTitre : Notre impact\u00a0\u00bb _builder_version=\u00a0\u00bb4.27.4&Prime; _module_preset=\u00a0\u00bbdefault\u00a0\u00bb header_3_text_color=\u00a0\u00bb#A33AFF\u00a0\u00bb min_height=\u00a0\u00bb28px\u00a0\u00bb custom_margin=\u00a0\u00bb0px|||1px|false|false\u00a0\u00bb custom_padding=\u00a0\u00bb0px||||false|false\u00a0\u00bb global_colors_info=\u00a0\u00bb{}\u00a0\u00bb]<\/p>\n<p>&nbsp;<\/p>\n<h2>Notre impact<a href=\"https:\/\/www.elargisteshorizons.ch\/images\/Rapport-activite\/Rapport-Final-Estelle.pdf\" target=\"_blank\" rel=\"noopener noreferrer\"><\/a><\/h2>\n<p>[\/et_pb_text][et_pb_text admin_label=\u00a0\u00bbTexte Notre impact\u00a0\u00bb _builder_version=\u00a0\u00bb4.27.4&Prime; _module_preset=\u00a0\u00bbdefault\u00a0\u00bb header_2_text_color=\u00a0\u00bb#A33AFF\u00a0\u00bb header_3_text_color=\u00a0\u00bb#A33AFF\u00a0\u00bb custom_margin=\u00a0\u00bb|||1px||\u00a0\u00bb custom_padding=\u00a0\u00bb|116px||||\u00a0\u00bb global_colors_info=\u00a0\u00bb{}\u00a0\u00bb]<\/p>\n<p><span style=\"color: #000000;\">Jusqu\u2019\u00e0 pr\u00e9sent <strong>environ 3&rsquo;000 jeunes femmes de la r\u00e9gion genevoise ont particip\u00e9 \u00e0 nos sorties et \u00e9v\u00e9nements et commencent \u00e0 prendre place \u00e0 l&rsquo;Universit\u00e9 ou dans des formations technologiques (apprentissages ou \u00e9coles)<\/strong>.\u00a0<\/span><\/p>\n<p style=\"text-align: left;\"><strong><span style=\"color: #000000;\">Nous sommes tr\u00e8s motiv\u00e9es par l&rsquo;enthousiasme qui a \u00e9t\u00e9 engendr\u00e9 pendant et apr\u00e8s les \u00e9v\u00e9nements et par les demandes multiples d&rsquo;en faire plus !<\/span><\/strong><\/p>\n<p>[\/et_pb_text][\/et_pb_column][\/et_pb_row][et_pb_row column_structure=\u00a0\u00bb1_4,3_4&Prime; _builder_version=\u00a0\u00bb4.27.4&Prime; _module_preset=\u00a0\u00bbdefault\u00a0\u00bb custom_margin=\u00a0\u00bb|auto||auto|false|false\u00a0\u00bb custom_padding=\u00a0\u00bb0px|||||\u00a0\u00bb global_colors_info=\u00a0\u00bb{}\u00a0\u00bb][et_pb_column type=\u00a0\u00bb1_4&Prime; _builder_version=\u00a0\u00bb4.27.4&Prime; _module_preset=\u00a0\u00bbdefault\u00a0\u00bb global_colors_info=\u00a0\u00bb{}\u00a0\u00bb][\/et_pb_column][et_pb_column type=\u00a0\u00bb3_4&Prime; _builder_version=\u00a0\u00bb4.27.4&Prime; _module_preset=\u00a0\u00bbdefault\u00a0\u00bb global_colors_info=\u00a0\u00bb{}\u00a0\u00bb][et_pb_text admin_label=\u00a0\u00bbTexte: T\u00e9moignage\u00a0\u00bb _builder_version=\u00a0\u00bb4.27.4&Prime; _module_preset=\u00a0\u00bbdefault\u00a0\u00bb width=\u00a0\u00bb52.9%\u00a0\u00bb custom_padding=\u00a0\u00bb2px|||||\u00a0\u00bb global_colors_info=\u00a0\u00bb{}\u00a0\u00bb]<\/p>\n<blockquote>\n<h4><strong>T\u00e9moignage d&rsquo;un parent<\/strong><\/h4>\n<p>\u00a0\u00bb Ma fille a ador\u00e9 sa visite \u00e0 la Tour de contr\u00f4le de Skyguide et veut maintenant en faire son m\u00e9tier ! C\u2019est extraordinaire de donner de telles opportunit\u00e9s \u00e0 nos filles ! \u00ab\u00a0<\/p><\/blockquote>\n<p>[\/et_pb_text][\/et_pb_column][\/et_pb_row][et_pb_row _builder_version=\u00a0\u00bb4.27.4&Prime; _module_preset=\u00a0\u00bbdefault\u00a0\u00bb custom_margin=\u00a0\u00bb|auto||auto|false|false\u00a0\u00bb custom_padding=\u00a0\u00bb0px|||||\u00a0\u00bb global_colors_info=\u00a0\u00bb{}\u00a0\u00bb][et_pb_column type=\u00a0\u00bb4_4&Prime; _builder_version=\u00a0\u00bb4.27.4&Prime; _module_preset=\u00a0\u00bbdefault\u00a0\u00bb global_colors_info=\u00a0\u00bb{}\u00a0\u00bb][et_pb_text admin_label=\u00a0\u00bbTitre : L&rsquo;enquete estelle\u00a0\u00bb _builder_version=\u00a0\u00bb4.27.4&Prime; _module_preset=\u00a0\u00bbdefault\u00a0\u00bb header_3_text_color=\u00a0\u00bb#A33AFF\u00a0\u00bb custom_margin=\u00a0\u00bb27px|||1px|false|false\u00a0\u00bb custom_padding=\u00a0\u00bb0px||||false|false\u00a0\u00bb global_colors_info=\u00a0\u00bb{}\u00a0\u00bb]<\/p>\n<h2>L&rsquo;enqu\u00eate Estelle<a href=\"https:\/\/www.elargisteshorizons.ch\/images\/Rapport-activite\/Rapport-Final-Estelle.pdf\" target=\"_blank\" rel=\"noopener noreferrer\"><\/a><\/h2>\n<p>[\/et_pb_text][et_pb_text admin_label=\u00a0\u00bbTexte L&rsquo;enquete estelle\u00a0\u00bb _builder_version=\u00a0\u00bb4.27.4&Prime; _module_preset=\u00a0\u00bbdefault\u00a0\u00bb header_2_text_color=\u00a0\u00bb#A33AFF\u00a0\u00bb header_3_text_color=\u00a0\u00bb#A33AFF\u00a0\u00bb custom_margin=\u00a0\u00bb|||1px||\u00a0\u00bb custom_padding=\u00a0\u00bb|116px||||\u00a0\u00bb global_colors_info=\u00a0\u00bb{}\u00a0\u00bb]<\/p>\n<p data-start=\"109\" data-end=\"209\" style=\"text-align: left;\"><strong><span style=\"color: #000000;\">L\u2019enqu\u00eate d\u2019Elargis tes Horizons,\u00a0 r\u00e9alis\u00e9e par le<\/span> <a href=\"https:\/\/www.2e-observatoire.com\/\" target=\"_blank\" rel=\"noopener\">Deuxi\u00e8me Observatoire [\u2197]<\/a>, <span style=\"color: #000000;\">analyse le parcours de filles ayant <\/span><span style=\"color: #000000;\">particip\u00e9 \u00e0 ses \u00e9v\u00e9nements entre 2009 et 2015.\u00a0<\/span><\/strong><span style=\"color: #000000;\">Elle montre une adh\u00e9sion persistante aux r\u00f4les de genre et la n\u00e9cessit\u00e9, per\u00e7ue par les filles, de prouver leur l\u00e9gitimit\u00e9 dans des domaines masculins.<\/span><\/p>\n<p data-start=\"366\" data-end=\"458\" style=\"text-align: left;\"><strong><span style=\"color: #000000;\">Le soutien familial, surtout des p\u00e8res, est crucial pour encourager les jeunes filles vers les sciences.<\/span><\/strong><\/p>\n<p data-start=\"460\" data-end=\"598\" data-is-last-node=\"\" data-is-only-node=\"\" style=\"text-align: left;\"><strong><span style=\"color: #000000;\">Les activit\u00e9s ludiques d\u2019Elargis tes Horizons ouvrent de nouvelles perspectives et aident les participantes \u00e0 se projeter dans des carri\u00e8res scientifiques.<\/span><\/strong><\/p>\n<p style=\"text-align: left;\"><strong><a href=\"\/wp-content\/uploads\/2025\/08\/Rapport-Final-Estelle.pdf\" target=\"_blank\" rel=\"noopener noreferrer\">T\u00e9l\u00e9charger le rapport complet [PDF]<\/a><\/strong><\/p>\n<p style=\"text-align: left;\"><strong>\u00a0<\/strong><\/p>\n<p style=\"text-align: left;\"><strong><\/strong>\u00a0<\/p>\n<p>[\/et_pb_text][\/et_pb_column][\/et_pb_row][\/et_pb_section]<\/p>\n","protected":false},"excerpt":{"rendered":"<p>La situation et nos objectifsLa situationDans notre soci\u00e9t\u00e9 et notre culture, jouets, \u00e9ducation et attitudes transmettent l\u2019id\u00e9e que science et technologie ne sont pas faites pour les filles. Par cons\u00e9quent, [&hellip;]<\/p>\n","protected":false},"author":2,"featured_media":0,"parent":34,"menu_order":5,"comment_status":"closed","ping_status":"closed","template":"","meta":{"_et_pb_use_builder":"on","_et_pb_old_content":"","_et_gb_content_width":"","footnotes":""},"class_list":["post-3461","page","type-page","status-publish","hentry"],"_links":{"self":[{"href":"https:\/\/elargisteshorizons.ch\/en\/wp-json\/wp\/v2\/pages\/3461","targetHints":{"allow":["GET"]}}],"collection":[{"href":"https:\/\/elargisteshorizons.ch\/en\/wp-json\/wp\/v2\/pages"}],"about":[{"href":"https:\/\/elargisteshorizons.ch\/en\/wp-json\/wp\/v2\/types\/page"}],"author":[{"embeddable":true,"href":"https:\/\/elargisteshorizons.ch\/en\/wp-json\/wp\/v2\/users\/2"}],"replies":[{"embeddable":true,"href":"https:\/\/elargisteshorizons.ch\/en\/wp-json\/wp\/v2\/comments?post=3461"}],"version-history":[{"count":21,"href":"https:\/\/elargisteshorizons.ch\/en\/wp-json\/wp\/v2\/pages\/3461\/revisions"}],"predecessor-version":[{"id":3807,"href":"https:\/\/elargisteshorizons.ch\/en\/wp-json\/wp\/v2\/pages\/3461\/revisions\/3807"}],"up":[{"embeddable":true,"href":"https:\/\/elargisteshorizons.ch\/en\/wp-json\/wp\/v2\/pages\/34"}],"wp:attachment":[{"href":"https:\/\/elargisteshorizons.ch\/en\/wp-json\/wp\/v2\/media?parent=3461"}],"curies":[{"name":"wp","href":"https:\/\/api.w.org\/{rel}","templated":true}]}}