{"id":1432,"date":"2025-08-02T13:54:20","date_gmt":"2025-08-02T13:54:20","guid":{"rendered":"https:\/\/www.elargisteshorizons.website\/?page_id=1432"},"modified":"2026-03-30T17:44:06","modified_gmt":"2026-03-30T17:44:06","slug":"dons-et-parrainages","status":"publish","type":"page","link":"https:\/\/elargisteshorizons.ch\/en\/dons-et-parrainages\/","title":{"rendered":"Donations and sponsoring"},"content":{"rendered":"<p>[et_pb_section fb_built=\u00a0\u00bb1&Prime; _builder_version=\u00a0\u00bb4.27.4&Prime; _module_preset=\u00a0\u00bbdefault\u00a0\u00bb background_color=\u00a0\u00bb#F7F1EC\u00a0\u00bb min_height=\u00a0\u00bb50%\u00a0\u00bb custom_padding=\u00a0\u00bb0px|||||\u00a0\u00bb da_disable_devices=\u00a0\u00bboff|off|off\u00a0\u00bb global_colors_info=\u00a0\u00bb{}\u00a0\u00bb da_is_popup=\u00a0\u00bboff\u00a0\u00bb da_exit_intent=\u00a0\u00bboff\u00a0\u00bb da_has_close=\u00a0\u00bbon\u00a0\u00bb da_alt_close=\u00a0\u00bboff\u00a0\u00bb da_dark_close=\u00a0\u00bboff\u00a0\u00bb da_not_modal=\u00a0\u00bbon\u00a0\u00bb da_is_singular=\u00a0\u00bboff\u00a0\u00bb da_with_loader=\u00a0\u00bboff\u00a0\u00bb da_has_shadow=\u00a0\u00bbon\u00a0\u00bb][et_pb_row _builder_version=\u00a0\u00bb4.27.4&Prime; _module_preset=\u00a0\u00bbdefault\u00a0\u00bb global_colors_info=\u00a0\u00bb{}\u00a0\u00bb][et_pb_column type=\u00a0\u00bb4_4&Prime; _builder_version=\u00a0\u00bb4.27.4&Prime; _module_preset=\u00a0\u00bbdefault\u00a0\u00bb global_colors_info=\u00a0\u00bb{}\u00a0\u00bb][et_pb_text _builder_version=\u00a0\u00bb4.27.4&Prime; _module_preset=\u00a0\u00bbdefault\u00a0\u00bb custom_padding=\u00a0\u00bb0px|||||\u00a0\u00bb global_colors_info=\u00a0\u00bb{}\u00a0\u00bb]<\/p>\n<h1>Dons et parrainages<\/h1>\n<p>[\/et_pb_text][et_pb_text _builder_version=\u00a0\u00bb4.27.4&Prime; _module_preset=\u00a0\u00bbdefault\u00a0\u00bb custom_margin=\u00a0\u00bb||-9px|||\u00a0\u00bb global_colors_info=\u00a0\u00bb{}\u00a0\u00bb]<\/p>\n<p>Les activit\u00e9s et \u00e9v\u00e9nements d\u2019\u00c9largis tes Horizons ont pour objectif d\u2019\u00e9veiller la curiosit\u00e9 des jeunes filles pour les domaines MINT \u2014 math\u00e9matiques, informatique, sciences naturelles et techniques \u2014 et de leur faire d\u00e9couvrir de nouvelles perspectives de carri\u00e8re en les mettant en relation avec des professionnel\u00b7les passionn\u00e9\u00b7es travaillant dans ces domaines.<\/p>\n<p><strong>Le financement de notre association \u00e0 but non lucratif repose principalement sur les dons et le parrainage.<\/strong><\/p>\n<p>Devenez donateur\u00b7rice ou parrain de l\u2019association ETH, ou soutenez un \u00e9v\u00e9nement sp\u00e9cifique, et participez activement \u00e0 l\u2019organisation et au succ\u00e8s de nos activit\u00e9s.<\/p>\n<p>Vos contributions permettent de financer la publicit\u00e9, les brochures, l\u2019impression d\u2019affiches, les envois postaux, la location des installations, la s\u00e9curit\u00e9, le mat\u00e9riel d\u2019inscription, le mat\u00e9riel pour les ateliers ainsi que le soutien informatique.<\/p>\n<p><strong>Vos dons \u00e0 \u00c9largis tes Horizons font une r\u00e9elle diff\u00e9rence\u2026 et en plus, ils sont d\u00e9ductibles de vos imp\u00f4ts !<\/strong><\/p>\n<p><strong>A NOTER :<\/strong> Les dons en nature ou les commandites directement li\u00e9es aux activit\u00e9s ou aux \u00e9v\u00e9nements d&rsquo;Elargis tes Horizons sont accept\u00e9s avec plaisir.<\/p>\n<p>&nbsp;<\/p>\n<h3>Contreparties du parrainage<\/h3>\n<p><strong>\u00a0<\/strong><\/p>\n<p><strong>Variante 1 : Parrainage de CHF 500.- \u00e0 CHF 4\u2019999.-<\/strong><\/p>\n<ul>\n<li>Votre logo avec un lien vers votre institution sur le site d\u2019ETH, \u00e0 la rubrique \u00ab partenaires et sponsors \u00bb<\/li>\n<\/ul>\n<ul><\/ul>\n<p><strong>Variante 2: Parrainage de CHF 5&rsquo;000.- \u00e0 CHF 7\u2019999.-<\/strong><\/p>\n<ul>\n<li>Votre logo sur les affiches et flyers d\u2019ETH<\/li>\n<li>Une visite VIP pendant l\u2019\u00e9v\u00e9nement biennal d\u2019ETH<\/li>\n<li>Votre logo avec un lien vers votre institution sur le site d\u2019ETH, \u00e0 la rubrique \u00ab partenaires et sponsors \u00bb<\/li>\n<\/ul>\n<ul><\/ul>\n<p><strong>Variante 3 : Parrainage de CHF 8&rsquo;000.- et plus<\/strong><\/p>\n<ul>\n<li>Une courte vid\u00e9o mettant en avant votre atelier ou votre stand, que vous pourrez ensuite publier sur vos r\u00e9seaux sociaux<\/li>\n<li>Votre logo sur les affiches et flyers d\u2019ETH<\/li>\n<li>Une visite VIP pendant l\u2019\u00e9v\u00e9nement biennal d\u2019ETH<\/li>\n<li>Votre logo avec un lien vers votre institution sur le site d\u2019ETH, \u00e0 la rubrique \u00ab partenaires et sponsors \u00bb<\/li>\n<\/ul>\n<p>[\/et_pb_text][\/et_pb_column][\/et_pb_row][et_pb_row _builder_version=\u00a0\u00bb4.27.4&Prime; _module_preset=\u00a0\u00bbdefault\u00a0\u00bb custom_margin=\u00a0\u00bb|auto||auto|false|false\u00a0\u00bb global_colors_info=\u00a0\u00bb{}\u00a0\u00bb][et_pb_column type=\u00a0\u00bb4_4&Prime; _builder_version=\u00a0\u00bb4.27.4&Prime; _module_preset=\u00a0\u00bbdefault\u00a0\u00bb global_colors_info=\u00a0\u00bb{}\u00a0\u00bb][et_pb_text admin_label=\u00a0\u00bbPaiements\u00a0\u00bb _builder_version=\u00a0\u00bb4.27.4&Prime; _module_preset=\u00a0\u00bbdefault\u00a0\u00bb custom_margin=\u00a0\u00bb||||false|false\u00a0\u00bb custom_padding=\u00a0\u00bb||||false|false\u00a0\u00bb global_colors_info=\u00a0\u00bb{}\u00a0\u00bb]<\/p>\n<h3>Contact<\/h3>\n<p>[\/et_pb_text][\/et_pb_column][\/et_pb_row][et_pb_row column_structure=\u00a0\u00bb1_3,2_3&Prime; _builder_version=\u00a0\u00bb4.27.4&Prime; _module_preset=\u00a0\u00bbdefault\u00a0\u00bb custom_margin=\u00a0\u00bb||||false|false\u00a0\u00bb custom_padding=\u00a0\u00bb0px|||||\u00a0\u00bb global_colors_info=\u00a0\u00bb{}\u00a0\u00bb][et_pb_column type=\u00a0\u00bb1_3&Prime; _builder_version=\u00a0\u00bb4.27.4&Prime; _module_preset=\u00a0\u00bbdefault\u00a0\u00bb global_colors_info=\u00a0\u00bb{}\u00a0\u00bb][et_pb_text admin_label=\u00a0\u00bbPaiements par virement bancaire\u00a0\u00bb _builder_version=\u00a0\u00bb4.27.4&Prime; _module_preset=\u00a0\u00bbdefault\u00a0\u00bb custom_padding=\u00a0\u00bb2px|||||\u00a0\u00bb global_colors_info=\u00a0\u00bb{}\u00a0\u00bb]<\/p>\n<p><strong><span style=\"color: #333333;\">N\u2019h\u00e9sitez pas \u00e0 nous contacter pour de plus amples informations concernant les diverses formes de parrainage ou de partenariat<\/span><\/strong><strong><\/strong><\/p>\n<p>[\/et_pb_text][\/et_pb_column][et_pb_column type=\u00a0\u00bb2_3&Prime; _builder_version=\u00a0\u00bb4.27.4&Prime; _module_preset=\u00a0\u00bbdefault\u00a0\u00bb global_colors_info=\u00a0\u00bb{}\u00a0\u00bb][et_pb_button button_url=\u00a0\u00bb@ET-DC@eyJkeW5hbWljIjp0cnVlLCJjb250ZW50IjoicG9zdF9saW5rX3VybF9wYWdlIiwic2V0dGluZ3MiOnsicG9zdF9pZCI6Ijc5NiJ9fQ==@\u00a0\u00bb button_text=\u00a0\u00bbCONTACT\u00a0\u00bb _builder_version=\u00a0\u00bb4.27.4&Prime; _dynamic_attributes=\u00a0\u00bbbutton_url\u00a0\u00bb _module_preset=\u00a0\u00bbdefault\u00a0\u00bb button_on_hover=\u00a0\u00bboff\u00a0\u00bb global_colors_info=\u00a0\u00bb{}\u00a0\u00bb button_bg_color__hover=\u00a0\u00bb#C7FF1F\u00a0\u00bb][\/et_pb_button][\/et_pb_column][\/et_pb_row][et_pb_row _builder_version=\u00a0\u00bb4.27.4&Prime; _module_preset=\u00a0\u00bbdefault\u00a0\u00bb custom_margin=\u00a0\u00bb|auto||auto|false|false\u00a0\u00bb global_colors_info=\u00a0\u00bb{}\u00a0\u00bb][et_pb_column type=\u00a0\u00bb4_4&Prime; _builder_version=\u00a0\u00bb4.27.4&Prime; _module_preset=\u00a0\u00bbdefault\u00a0\u00bb global_colors_info=\u00a0\u00bb{}\u00a0\u00bb][et_pb_text admin_label=\u00a0\u00bbPaiements\u00a0\u00bb _builder_version=\u00a0\u00bb4.27.4&Prime; _module_preset=\u00a0\u00bbdefault\u00a0\u00bb custom_margin=\u00a0\u00bb||||false|false\u00a0\u00bb custom_padding=\u00a0\u00bb||||false|false\u00a0\u00bb global_colors_info=\u00a0\u00bb{}\u00a0\u00bb]<\/p>\n<h3>Paiements<\/h3>\n<p>[\/et_pb_text][\/et_pb_column][\/et_pb_row][et_pb_row column_structure=\u00a0\u00bb1_3,2_3&Prime; _builder_version=\u00a0\u00bb4.27.4&Prime; _module_preset=\u00a0\u00bbdefault\u00a0\u00bb custom_margin=\u00a0\u00bb||||false|false\u00a0\u00bb custom_padding=\u00a0\u00bb0px|||||\u00a0\u00bb global_colors_info=\u00a0\u00bb{}\u00a0\u00bb][et_pb_column type=\u00a0\u00bb1_3&Prime; _builder_version=\u00a0\u00bb4.27.4&Prime; _module_preset=\u00a0\u00bbdefault\u00a0\u00bb global_colors_info=\u00a0\u00bb{}\u00a0\u00bb][et_pb_text admin_label=\u00a0\u00bbPaiements par virement bancaire\u00a0\u00bb _builder_version=\u00a0\u00bb4.27.4&Prime; _module_preset=\u00a0\u00bbdefault\u00a0\u00bb custom_padding=\u00a0\u00bb2px|||||\u00a0\u00bb global_colors_info=\u00a0\u00bb{}\u00a0\u00bb]<\/p>\n<p><strong>Paiements par virement bancaire\u00a0<br \/><\/strong><strong><\/strong><\/p>\n<p>[\/et_pb_text][\/et_pb_column][et_pb_column type=\u00a0\u00bb2_3&Prime; _builder_version=\u00a0\u00bb4.27.4&Prime; _module_preset=\u00a0\u00bbdefault\u00a0\u00bb global_colors_info=\u00a0\u00bb{}\u00a0\u00bb][et_pb_button button_url=\u00a0\u00bb@ET-DC@eyJkeW5hbWljIjp0cnVlLCJjb250ZW50IjoicG9zdF9saW5rX3VybF9wYWdlIiwic2V0dGluZ3MiOnsicG9zdF9pZCI6IjE0MzkifX0=@\u00a0\u00bb button_text=\u00a0\u00bbEN SAVOIR PLUS\u00a0\u00bb _builder_version=\u00a0\u00bb4.27.4&Prime; _dynamic_attributes=\u00a0\u00bbbutton_url\u00a0\u00bb _module_preset=\u00a0\u00bbdefault\u00a0\u00bb button_on_hover=\u00a0\u00bboff\u00a0\u00bb global_colors_info=\u00a0\u00bb{}\u00a0\u00bb button_bg_color__hover=\u00a0\u00bb#C7FF1F\u00a0\u00bb][\/et_pb_button][\/et_pb_column][\/et_pb_row][et_pb_row _builder_version=\u00a0\u00bb4.27.4&Prime; _module_preset=\u00a0\u00bbdefault\u00a0\u00bb global_colors_info=\u00a0\u00bb{}\u00a0\u00bb][et_pb_column type=\u00a0\u00bb4_4&Prime; _builder_version=\u00a0\u00bb4.27.4&Prime; _module_preset=\u00a0\u00bbdefault\u00a0\u00bb global_colors_info=\u00a0\u00bb{}\u00a0\u00bb][et_pb_text _builder_version=\u00a0\u00bb4.27.4&Prime; _module_preset=\u00a0\u00bbdefault\u00a0\u00bb header_3_text_color=\u00a0\u00bb#9424DE\u00a0\u00bb custom_padding=\u00a0\u00bb2px||3px|||\u00a0\u00bb global_colors_info=\u00a0\u00bb{}\u00a0\u00bb]<\/p>\n<h3><\/h3>\n<p>&nbsp;<\/p>\n<h5><strong>Merci d&rsquo;avance pour votre g\u00e9n\u00e9rosit\u00e9 et votre soutien !<\/strong><\/h5>\n<p>&nbsp;<\/p>\n<p>[\/et_pb_text][\/et_pb_column][\/et_pb_row][\/et_pb_section]<\/p>\n","protected":false},"excerpt":{"rendered":"<p>Dons et parrainagesLes activit\u00e9s et \u00e9v\u00e9nements d\u2019\u00c9largis tes Horizons ont pour objectif d\u2019\u00e9veiller la curiosit\u00e9 des jeunes filles pour les domaines MINT \u2014 math\u00e9matiques, informatique, sciences naturelles et techniques \u2014 [&hellip;]<\/p>\n","protected":false},"author":1,"featured_media":0,"parent":0,"menu_order":0,"comment_status":"closed","ping_status":"closed","template":"","meta":{"_et_pb_use_builder":"on","_et_pb_old_content":"","_et_gb_content_width":"","footnotes":""},"class_list":["post-1432","page","type-page","status-publish","hentry"],"_links":{"self":[{"href":"https:\/\/elargisteshorizons.ch\/en\/wp-json\/wp\/v2\/pages\/1432","targetHints":{"allow":["GET"]}}],"collection":[{"href":"https:\/\/elargisteshorizons.ch\/en\/wp-json\/wp\/v2\/pages"}],"about":[{"href":"https:\/\/elargisteshorizons.ch\/en\/wp-json\/wp\/v2\/types\/page"}],"author":[{"embeddable":true,"href":"https:\/\/elargisteshorizons.ch\/en\/wp-json\/wp\/v2\/users\/1"}],"replies":[{"embeddable":true,"href":"https:\/\/elargisteshorizons.ch\/en\/wp-json\/wp\/v2\/comments?post=1432"}],"version-history":[{"count":33,"href":"https:\/\/elargisteshorizons.ch\/en\/wp-json\/wp\/v2\/pages\/1432\/revisions"}],"predecessor-version":[{"id":3825,"href":"https:\/\/elargisteshorizons.ch\/en\/wp-json\/wp\/v2\/pages\/1432\/revisions\/3825"}],"wp:attachment":[{"href":"https:\/\/elargisteshorizons.ch\/en\/wp-json\/wp\/v2\/media?parent=1432"}],"curies":[{"name":"wp","href":"https:\/\/api.w.org\/{rel}","templated":true}]}}