{"id":1013,"date":"2025-07-20T13:57:04","date_gmt":"2025-07-20T13:57:04","guid":{"rendered":"https:\/\/www.elargisteshorizons.website\/?page_id=1013"},"modified":"2026-03-24T10:56:39","modified_gmt":"2026-03-24T10:56:39","slug":"conditions-generales","status":"publish","type":"page","link":"https:\/\/elargisteshorizons.ch\/en\/conditions-generales\/","title":{"rendered":"Terms"},"content":{"rendered":"<p>[et_pb_section fb_built=\u00a0\u00bb1&Prime; _builder_version=\u00a0\u00bb4.27.4&Prime; _module_preset=\u00a0\u00bbdefault\u00a0\u00bb background_color=\u00a0\u00bb#F7F1EC\u00a0\u00bb min_height=\u00a0\u00bb45.3%\u00a0\u00bb custom_padding=\u00a0\u00bb0px||5px|||\u00a0\u00bb da_disable_devices=\u00a0\u00bboff|off|off\u00a0\u00bb global_colors_info=\u00a0\u00bb{}\u00a0\u00bb da_is_popup=\u00a0\u00bboff\u00a0\u00bb da_exit_intent=\u00a0\u00bboff\u00a0\u00bb da_has_close=\u00a0\u00bbon\u00a0\u00bb da_alt_close=\u00a0\u00bboff\u00a0\u00bb da_dark_close=\u00a0\u00bboff\u00a0\u00bb da_not_modal=\u00a0\u00bbon\u00a0\u00bb da_is_singular=\u00a0\u00bboff\u00a0\u00bb da_with_loader=\u00a0\u00bboff\u00a0\u00bb da_has_shadow=\u00a0\u00bbon\u00a0\u00bb][et_pb_row _builder_version=\u00a0\u00bb4.27.4&Prime; _module_preset=\u00a0\u00bbdefault\u00a0\u00bb custom_margin=\u00a0\u00bb|auto|||false|false\u00a0\u00bb global_colors_info=\u00a0\u00bb{}\u00a0\u00bb][et_pb_column type=\u00a0\u00bb4_4&Prime; _builder_version=\u00a0\u00bb4.27.4&Prime; _module_preset=\u00a0\u00bbdefault\u00a0\u00bb global_colors_info=\u00a0\u00bb{}\u00a0\u00bb][et_pb_text _builder_version=\u00a0\u00bb4.27.4&Prime; _module_preset=\u00a0\u00bbdefault\u00a0\u00bb custom_padding=\u00a0\u00bb0px|||||\u00a0\u00bb global_colors_info=\u00a0\u00bb{}\u00a0\u00bb]<\/p>\n<h1>Conditions g\u00e9n\u00e9rales<\/h1>\n<p>[\/et_pb_text][et_pb_text _builder_version=\u00a0\u00bb4.27.4&Prime; _module_preset=\u00a0\u00bbdefault\u00a0\u00bb hover_enabled=\u00a0\u00bb0&Prime; global_colors_info=\u00a0\u00bb{}\u00a0\u00bb sticky_enabled=\u00a0\u00bb0&Prime;]<\/p>\n<div class=\"item_fulltext\">\n<p>Les pr\u00e9sentes conditions g\u00e9n\u00e9rales s&rsquo;appliquent \u00e0 tous les services offerts par Elargis tes Horizons.<\/p>\n<p>Mise \u00e0 jour le 11 f\u00e9vrier 2026.<\/p>\n<h2><span style=\"font-size: 12pt;\">Administration\u00a0<\/span><\/h2>\n<p>Pour des raisons organisationnelles, nous nous r\u00e9servons le droit d\u2019ajuster la planification d\u2019un \u00e9v\u00e9nement, notamment en le reportant, en le regroupant ou en en modifiant le lieu.<\/p>\n<h2><span style=\"font-size: 12pt;\">Nombre de participants et conditions<\/span><\/h2>\n<p>Afin de pr\u00e9senter nos \u00e9v\u00e9nements dans les meilleures conditions possibles, nous limitons chaque \u00e9v\u00e9nement \u00e0 un nombre minimum et maximum de participantes. Les places sont attribu\u00e9es selon le principe du \u00ab premier arriv\u00e9, premier servi \u00bb (sous r\u00e9serve que le paiement soit effectu\u00e9 \u00e0 la date d\u2019\u00e9ch\u00e9ance lorsqu\u2019un r\u00e8glement est requis).<\/p>\n<p>Elargis tes Horizons ne fournit pas de transport vers les sites : les d\u00e9placements sont \u00e0 la charge des parents.<\/p>\n<h2><span style=\"font-size: 12pt;\">Exclusion<strong><br \/><\/strong><\/span><\/h2>\n<p>Les jeunes filles et les parents doivent \u00eatre dispos\u00e9s \u00e0 suivre les instructions donn\u00e9es par les adultes accompagnateurs.<br \/>Elargis tes Horizons se r\u00e9serve le droit d\u2019exclure toute participante d\u2019une activit\u00e9 ou d\u2019un \u00e9v\u00e9nement pour un motif justifie tel que le non-paiement des frais d\u2019inscription ou un comportement inappropri\u00e9 (par exemple; diffamation, harc\u00e8lement, d\u00e9gradation volontaire du mat\u00e9riel, etc.). En cas d\u2019exclusion, la participante demeure redevable de l\u2019int\u00e9gralit\u00e9 des frais \u2014 aucun remboursement total ou partiel ne sera accord\u00e9.<\/p>\n<h2><span style=\"font-size: 12pt;\">Absence<\/span><\/h2>\n<p>Si vous ne venez pas \u00e0 une activit\u00e9 ou \u00e0 un \u00e9v\u00e9nement, il ne sera ni remplac\u00e9, ni rembours\u00e9.<\/p>\n<h2><span style=\"font-size: 12pt;\">Responsabilit\u00e9 et assurance<\/span><\/h2>\n<p><strong>Elargis tes Horizons d\u00e9cline toute responsabilit\u00e9 pour tout dommage survenant pendant ou \u00e0 la suite de toute activit\u00e9 ou \u00e9v\u00e9nement organis\u00e9 par l\u2019association. Les parents sont responsables de veiller \u00e0 ce que leurs filles disposent d\u2019une couverture d\u2019assurance ad\u00e9quate. Elargis tes Horizons ne saurait \u00eatre tenu responsable en cas de vol ou de perte d\u2019effets personnels.<\/strong><\/p>\n<h2><span style=\"font-size: 12pt;\">Protection des donn\u00e9es<\/span><\/h2>\n<p>Conform\u00e9ment \u00e0 la l\u00e9gislation suisse sur la protection des donn\u00e9es, Elargis tes Horizons s\u2019engage \u00e0 traiter avec la plus grande rigueur et confidentialit\u00e9 toutes les informations que vous nous fournissez, que ce soit dans le cadre de votre inscription ou \u00e0 partir de donn\u00e9es que nous aurions pr\u00e9c\u00e9demment re\u00e7ues de votre part.<\/p>\n<h2><span style=\"font-size: 12pt;\">Vid\u00e9o et photos<\/span><\/h2>\n<p>Aucune vid\u00e9o ou photographie ne sera prise ou partag\u00e9e sur les m\u00e9dias sociaux sans le consentement explicite des parents et des participantes.<\/p>\n<h2><span style=\"font-size: 12pt;\">Participation des parents lors de l&rsquo;Ev\u00e9nement Biennal<\/span><strong><span style=\"font-size: 12pt;\"><br \/><\/span><\/strong><\/h2>\n<p>Les parents ne peuvent pas assister aux ateliers durant l\u2019\u00e9v\u00e9nement biennal. Ces ateliers sont con\u00e7us pour offrir aux participantes l\u2019occasion de rencontrer des femmes scientifiques, d\u2019explorer de nouveaux sujets et de d\u00e9couvrir des carri\u00e8res passionnantes, en partageant cette exp\u00e9rience avec leurs pairs.<\/p>\n<h2><span style=\"font-size: 12pt;\">Changements de programme et\/ou de prix<\/span><\/h2>\n<p>Elargis tes Horizons Gen\u00e8ve se r\u00e9serve le droit, en tout temps, d\u2019adapter ses programmes, ses frais et ses conditions g\u00e9n\u00e9rales.<\/p>\n<h2><span style=\"font-size: 12pt;\">Lieu de juridiction<\/span><\/h2>\n<p><strong>Tout litige relatif \u00e0 Elargis tes Horizons est r\u00e9gi par le droit suisse. Le for juridique est \u00e9tabli dans le canton de Gen\u00e8ve, Suisse.<\/strong><\/p>\n<p>Si vous avez des questions, n&rsquo;h\u00e9sitez pas \u00e0 <a href=\"\/contact\/\"><strong>NOUS CONTACTER<\/strong><\/a>.<\/p>\n<p>&nbsp;<\/p>\n<p>&nbsp;<\/p>\n<\/div>\n<p>[\/et_pb_text][\/et_pb_column][\/et_pb_row][\/et_pb_section]<\/p>\n","protected":false},"excerpt":{"rendered":"<p>Conditions g\u00e9n\u00e9rales Les pr\u00e9sentes conditions g\u00e9n\u00e9rales s&rsquo;appliquent \u00e0 tous les services offerts par Elargis tes Horizons. Mise \u00e0 jour le 11 f\u00e9vrier 2026. Administration\u00a0 Pour des raisons organisationnelles, nous nous [&hellip;]<\/p>\n","protected":false},"author":1,"featured_media":0,"parent":0,"menu_order":0,"comment_status":"closed","ping_status":"closed","template":"","meta":{"_et_pb_use_builder":"on","_et_pb_old_content":"","_et_gb_content_width":"","footnotes":""},"class_list":["post-1013","page","type-page","status-publish","hentry"],"_links":{"self":[{"href":"https:\/\/elargisteshorizons.ch\/en\/wp-json\/wp\/v2\/pages\/1013","targetHints":{"allow":["GET"]}}],"collection":[{"href":"https:\/\/elargisteshorizons.ch\/en\/wp-json\/wp\/v2\/pages"}],"about":[{"href":"https:\/\/elargisteshorizons.ch\/en\/wp-json\/wp\/v2\/types\/page"}],"author":[{"embeddable":true,"href":"https:\/\/elargisteshorizons.ch\/en\/wp-json\/wp\/v2\/users\/1"}],"replies":[{"embeddable":true,"href":"https:\/\/elargisteshorizons.ch\/en\/wp-json\/wp\/v2\/comments?post=1013"}],"version-history":[{"count":15,"href":"https:\/\/elargisteshorizons.ch\/en\/wp-json\/wp\/v2\/pages\/1013\/revisions"}],"predecessor-version":[{"id":3765,"href":"https:\/\/elargisteshorizons.ch\/en\/wp-json\/wp\/v2\/pages\/1013\/revisions\/3765"}],"wp:attachment":[{"href":"https:\/\/elargisteshorizons.ch\/en\/wp-json\/wp\/v2\/media?parent=1013"}],"curies":[{"name":"wp","href":"https:\/\/api.w.org\/{rel}","templated":true}]}}